{"id":20395,"date":"2021-06-21T13:34:39","date_gmt":"2021-06-21T10:34:39","guid":{"rendered":"https:\/\/weblockonline.com\/liidestused-luhi-ajaline-rent\/"},"modified":"2025-07-10T11:23:34","modified_gmt":"2025-07-10T08:23:34","slug":"liidestused-luhi-ajaline-rent","status":"publish","type":"page","link":"https:\/\/weblockonline.com\/et\/liidestused\/liidestused-luhi-ajaline-rent\/","title":{"rendered":"Liidestused\/L\u00fchiajaline rent"},"content":{"rendered":"<section class=\"no-padding sm-padding-one-tb xs-no-padding no-margin-left xs-margin-0auto\"><div class=\"container\"><div class=\"row\"><div class=\"wpb_column hcode-column-container hcode-column-1 xs-no-padding no-margin vc_col-sm-12 col-xs-mobile-fullwidth\" data-front-class=\"hcode-column-1 xs-no-padding no-margin col-xs-mobile-fullwidth\"><div class=\"vc-column-innner-wrapper\"><h2 class=\"section-title no-padding xs-no-padding no-margin\" style=\" color:#003063; font-size:24px;\">Liidestused \/ L\u00fchiajaline rent<\/h2><\/div><\/div><\/div><\/div><\/section><section class=\" vc_custom_1624971511191 hcode-row-1 no-padding margin-four-bottom\"><div class=\"container\"><div class=\"row\"><div class=\"wpb_column hcode-column-container hcode-column-2 no-margin-left xs-margin-one-all vc_col-sm-4 vc_col-xs-12\" data-front-class=\"hcode-column-2 no-margin-left xs-margin-one-all\"><div class=\"vc-column-innner-wrapper\"><a href=\"https:\/\/www.mews.com\/en\" target=\"_blank\"><img loading=\"lazy\" decoding=\"async\" width=\"1080\" height=\"139\" src=\"https:\/\/weblockonline.com\/wp-content\/uploads\/2021\/06\/Mews.jpg\" class=\"attachment-full size-full\" alt=\"\" srcset=\"https:\/\/weblockonline.com\/wp-content\/uploads\/2021\/06\/Mews.jpg 1080w, https:\/\/weblockonline.com\/wp-content\/uploads\/2021\/06\/Mews-300x39.jpg 300w, https:\/\/weblockonline.com\/wp-content\/uploads\/2021\/06\/Mews-1024x132.jpg 1024w, https:\/\/weblockonline.com\/wp-content\/uploads\/2021\/06\/Mews-768x99.jpg 768w, https:\/\/weblockonline.com\/wp-content\/uploads\/2021\/06\/Mews-81x10.jpg 81w\" sizes=\"auto, (max-width: 1080px) 100vw, 1080px\" \/><\/a><\/div><\/div><div class=\"wpb_column hcode-column-container xs-no-padding xs-margin-0auto vc_col-sm-8 vc_col-xs-12\" data-front-class=\"xs-no-padding xs-margin-0auto\"><div class=\"vc-column-innner-wrapper\"><p><strong>Mewsi Property Management Systemi<\/strong> integratsioon WebLockiga v\u00f5imaldab hotellik\u00fclalise teekonna t\u00e4ielikult automatiseerida alates broneerimisest kuni arveldamiseni, minimeerides personali t\u00f6\u00f6aega ja tagades turvalise sotsiaalse distantseerumise. Hotellituppa sisenemiseks saadetakse klientidele e-kirja v\u00f5i tekstis\u00f5numi teel Mewsi kaudu automaatselt ukse avamiseks WebLock personaalne veebilink v\u00f5i sisenemiskood. Mews muudab lihtsaks ka tubade koristamise planeerimise. Kliendid saavad kasutada v\u00e4ljaregistreerimisel koodi, mille alusel koristajad saavad toas koristust alustada.<\/p>\n<\/div><\/div><\/div><\/div><\/section><section class=\" vc_custom_1624971511191 hcode-row-2 no-padding margin-four-bottom\"><div class=\"container\"><div class=\"row\"><div class=\"wpb_column hcode-column-container hcode-column-3 no-margin-left xs-margin-one-all vc_col-sm-4 vc_col-xs-12\" data-front-class=\"hcode-column-3 no-margin-left xs-margin-one-all\"><div class=\"vc-column-innner-wrapper\"><a href=\"https:\/\/www.cloudbeds.com\" target=\"_blank\"><img loading=\"lazy\" decoding=\"async\" width=\"1080\" height=\"343\" src=\"https:\/\/weblockonline.com\/wp-content\/uploads\/2023\/03\/Cloudbeds_Integrations.png\" class=\"attachment-full size-full\" alt=\"\" srcset=\"https:\/\/weblockonline.com\/wp-content\/uploads\/2023\/03\/Cloudbeds_Integrations.png 1080w, https:\/\/weblockonline.com\/wp-content\/uploads\/2023\/03\/Cloudbeds_Integrations-300x95.png 300w, https:\/\/weblockonline.com\/wp-content\/uploads\/2023\/03\/Cloudbeds_Integrations-1024x325.png 1024w, https:\/\/weblockonline.com\/wp-content\/uploads\/2023\/03\/Cloudbeds_Integrations-768x244.png 768w, https:\/\/weblockonline.com\/wp-content\/uploads\/2023\/03\/Cloudbeds_Integrations-81x26.png 81w\" sizes=\"auto, (max-width: 1080px) 100vw, 1080px\" \/><\/a><\/div><\/div><div class=\"wpb_column hcode-column-container xs-no-padding xs-margin-0auto vc_col-sm-8 vc_col-xs-12\" data-front-class=\"xs-no-padding xs-margin-0auto\"><div class=\"vc-column-innner-wrapper\"><p><strong>Cloudbedsi<\/strong> haldustarkvara on loodud igas suuruses kinnisvara haldamiseks - hotellidele, hostelitele, puhkemajutustele. Tarkvara \u00fchendab PMS-i, kanalihalduri ja broneerimismootori liidesed. Cloudbedsi integreerimine WebLockiga muudab kontaktivaba check-ini lihtsaks. Kui k\u00fclaline teeb broneeringu, saadab Cloudbeds selle teabe WebLocki s\u00fcsteemi. WebLock loob k\u00fclalisele broneeringu kuup\u00e4evadeks ligip\u00e4\u00e4su ja saadab p\u00e4\u00e4sukoodi Cloudbedsi, kust see j\u00f5uab kliendini automaatselt ilma inimliku sekkumiseta.<\/p>\n<\/div><\/div><\/div><\/div><\/section><section class=\" vc_custom_1624971511191 hcode-row-3 no-padding margin-four-bottom\"><div class=\"container\"><div class=\"row\"><div class=\"wpb_column hcode-column-container hcode-column-4 no-margin-left xs-margin-one-all vc_col-sm-4 vc_col-xs-12\" data-front-class=\"hcode-column-4 no-margin-left xs-margin-one-all\"><div class=\"vc-column-innner-wrapper\"><a href=\"https:\/\/www.guesty.com\/\" target=\"_blank\"><img loading=\"lazy\" decoding=\"async\" width=\"1080\" height=\"343\" src=\"https:\/\/weblockonline.com\/wp-content\/uploads\/2023\/10\/Guesty_Logo_Integrations.png\" class=\"attachment-full size-full\" alt=\"\" srcset=\"https:\/\/weblockonline.com\/wp-content\/uploads\/2023\/10\/Guesty_Logo_Integrations.png 1080w, https:\/\/weblockonline.com\/wp-content\/uploads\/2023\/10\/Guesty_Logo_Integrations-300x95.png 300w, https:\/\/weblockonline.com\/wp-content\/uploads\/2023\/10\/Guesty_Logo_Integrations-1024x325.png 1024w, https:\/\/weblockonline.com\/wp-content\/uploads\/2023\/10\/Guesty_Logo_Integrations-768x244.png 768w, https:\/\/weblockonline.com\/wp-content\/uploads\/2023\/10\/Guesty_Logo_Integrations-81x26.png 81w\" sizes=\"auto, (max-width: 1080px) 100vw, 1080px\" \/><\/a><\/div><\/div><div class=\"wpb_column hcode-column-container xs-no-padding xs-margin-0auto vc_col-sm-8 vc_col-xs-12\" data-front-class=\"xs-no-padding xs-margin-0auto\"><div class=\"vc-column-innner-wrapper\"><p><strong>Guesty<\/strong> ja WebLocki liidestus v\u00f5imaldab automaatselt WebLocki personaalseid sisenemiskoode v\u00f5i ukse avamiseks m\u00f5eldud veebilinke edastada. Guesty on l\u00fchiajalise rendi halduseks m\u00f5eldud tarkvara. Guesty koondab \u00fchte kokku erinevatel platvormidel (AirBNB, Booking.com jne) ja oma kanalites (ettev\u00f5tte koduleht, telefoni v\u00f5i e-maili teel) tehtavad broneeringud ja v\u00f5imaldab hoida kliendisuhtluse mugavalt \u00fches kohas. Peale kliendi poolt broneeringu tegemist liigub info broneeringu kohta Guesty platvormile, sealt j\u00e4lle omakorda WebLock tarkvarasse, kus genereeritakse kliendi jaoks programmi poolt unikaalne uksekood, mis l\u00e4bi Guesty platvormi kliendini j\u00f5uab koos saabumisjuhistega.<\/p>\n<\/div><\/div><\/div><\/div><\/section><section class=\" vc_custom_1624971511191 hcode-row-4 no-padding margin-four-bottom\"><div class=\"container\"><div class=\"row\"><div class=\"wpb_column hcode-column-container hcode-column-5 no-margin-left xs-margin-one-all vc_col-sm-4 vc_col-xs-12\" data-front-class=\"hcode-column-5 no-margin-left xs-margin-one-all\"><div class=\"vc-column-innner-wrapper\"><a href=\"https:\/\/guestjoy.com\/\" target=\"_blank\"><img loading=\"lazy\" decoding=\"async\" width=\"1080\" height=\"264\" src=\"https:\/\/weblockonline.com\/wp-content\/uploads\/2021\/06\/GuestJoy.jpg\" class=\"attachment-full size-full\" alt=\"\" srcset=\"https:\/\/weblockonline.com\/wp-content\/uploads\/2021\/06\/GuestJoy.jpg 1080w, https:\/\/weblockonline.com\/wp-content\/uploads\/2021\/06\/GuestJoy-300x73.jpg 300w, https:\/\/weblockonline.com\/wp-content\/uploads\/2021\/06\/GuestJoy-1024x250.jpg 1024w, https:\/\/weblockonline.com\/wp-content\/uploads\/2021\/06\/GuestJoy-768x188.jpg 768w, https:\/\/weblockonline.com\/wp-content\/uploads\/2021\/06\/GuestJoy-81x20.jpg 81w\" sizes=\"auto, (max-width: 1080px) 100vw, 1080px\" \/><\/a><\/div><\/div><div class=\"wpb_column hcode-column-container xs-no-padding xs-margin-0auto vc_col-sm-8 vc_col-xs-12\" data-front-class=\"xs-no-padding xs-margin-0auto\"><div class=\"vc-column-innner-wrapper\"><p><strong>GuestJoy<\/strong> on suurep\u00e4rane vahend kliendisuhtluse haldamiseks ja oma k\u00fclalistega \u00fchenduse hoidmiseks. Planeeritud automatiseeritud e-kirjad aitavad k\u00fclalistel veebis hotelli sisse registreeruda, tellida toateenindust v\u00f5i muid lisateenuseid ning koguda tagasisidet. WebLockiga integreerituna saadab Guestjoy automaatselt isiklikud sisenemiskoodid v\u00f5i veebilingi, mida kasutada kontaktivaba toa v\u00f5tmena. Rakenduse allalaadimine pole vajalik.<\/p>\n<\/div><\/div><\/div><\/div><\/section><section class=\" vc_custom_1624971511191 hcode-row-5 no-padding margin-four-bottom\"><div class=\"container\"><div class=\"row\"><div class=\"wpb_column hcode-column-container hcode-column-6 no-margin-left xs-margin-one-all vc_col-sm-4 vc_col-xs-12\" data-front-class=\"hcode-column-6 no-margin-left xs-margin-one-all\"><div class=\"vc-column-innner-wrapper\"><a href=\"https:\/\/www.edhotels.com\/en\/hospitality-sales-system\/\" target=\"_blank\"><img loading=\"lazy\" decoding=\"async\" width=\"1080\" height=\"343\" src=\"https:\/\/weblockonline.com\/wp-content\/uploads\/2023\/10\/Bouk_Integrations.png\" class=\"\" alt=\"\" srcset=\"https:\/\/weblockonline.com\/wp-content\/uploads\/2023\/10\/Bouk_Integrations.png 1080w, https:\/\/weblockonline.com\/wp-content\/uploads\/2023\/10\/Bouk_Integrations-300x95.png 300w, https:\/\/weblockonline.com\/wp-content\/uploads\/2023\/10\/Bouk_Integrations-1024x325.png 1024w, https:\/\/weblockonline.com\/wp-content\/uploads\/2023\/10\/Bouk_Integrations-768x244.png 768w, https:\/\/weblockonline.com\/wp-content\/uploads\/2023\/10\/Bouk_Integrations-81x26.png 81w\" sizes=\"auto, (max-width: 1080px) 100vw, 1080px\" \/><\/a><\/div><\/div><div class=\"wpb_column hcode-column-container xs-no-padding xs-margin-0auto vc_col-sm-8 vc_col-xs-12\" data-front-class=\"xs-no-padding xs-margin-0auto\"><div class=\"vc-column-innner-wrapper\"><p><strong>BOUK by ED for hotels<\/strong> on Eestis arendatud majutusteenuste m\u00fc\u00fcgi ja halduse s\u00fcsteem (PMS), mille seadistamine on lihtne ja see sisaldab halduss\u00fcsteemi (PMS), broneerimisootorit (IBE), Booking.com\u2019i ja Airbnb \u00fchendust ja kinkekaartide e-poodi. BOUK PMS sobib v\u00e4ikestele hotellidele, butiikhotellidele, hostelidele, k\u00fclaliskorteritele, puhkemajadele ja turismitaludele. WebLock ja BOUK'i integratioon v\u00f5imaldab kliendi teekonna t\u00e4ielikku automatiseerimist tellimusest v\u00e4lja registreerimiseni, k\u00fclalised saavad automaatse e-kirja v\u00f5i SMS-i koos isikliku ligip\u00e4\u00e4su lingi v\u00f5i ligip\u00e4\u00e4sukoodiga oma toa jaoks.<\/p>\n<\/div><\/div><\/div><\/div><\/section><section class=\"hcode-row-6 no-padding no-margin-bottom\"><div class=\"container\"><div class=\"row\"><div class=\"wpb_column hcode-column-container hcode-column-7 no-margin-left xs-margin-one-all vc_col-sm-4 vc_col-xs-12\" data-front-class=\"hcode-column-7 no-margin-left xs-margin-one-all\"><div class=\"vc-column-innner-wrapper\"><a href=\"https:\/\/www.at-visions.com\/\" target=\"_blank\"><img loading=\"lazy\" decoding=\"async\" width=\"1080\" height=\"325\" src=\"https:\/\/weblockonline.com\/wp-content\/uploads\/2021\/06\/at_visions.jpg\" class=\"attachment-full size-full\" alt=\"\" srcset=\"https:\/\/weblockonline.com\/wp-content\/uploads\/2021\/06\/at_visions.jpg 1080w, https:\/\/weblockonline.com\/wp-content\/uploads\/2021\/06\/at_visions-300x90.jpg 300w, https:\/\/weblockonline.com\/wp-content\/uploads\/2021\/06\/at_visions-1024x308.jpg 1024w, https:\/\/weblockonline.com\/wp-content\/uploads\/2021\/06\/at_visions-768x231.jpg 768w, https:\/\/weblockonline.com\/wp-content\/uploads\/2021\/06\/at_visions-81x24.jpg 81w\" sizes=\"auto, (max-width: 1080px) 100vw, 1080px\" \/><\/a><\/div><\/div><div class=\"wpb_column hcode-column-container xs-no-padding xs-margin-0auto vc_col-sm-8 vc_col-xs-12\" data-front-class=\"xs-no-padding xs-margin-0auto\"><div class=\"vc-column-innner-wrapper\"><p><strong>At-visions<\/strong> liidestus \u00fchendab WebLocki rakendusega At-Visions, mis v\u00f5imaldab k\u00fclalistel kasutada toav\u00f5tmena mobiiltelefone, samuti tellida toas einestamist, suhelda hotelli t\u00f6\u00f6tajatega, voogedastada Netflixi v\u00f5i kasutada muid hotelliteenuseid. WebLock sisenemiskoodi v\u00e4ljastamine ja mobiililuku on automatiseeritud.<\/p>\n<\/div><\/div><\/div><\/div><\/section>","protected":false},"excerpt":{"rendered":"<p>Liidestused \/ L\u00fchiajaline rentMewsi Property Management Systemi integratsioon WebLockiga v\u00f5imaldab hotellik\u00fclalise teekonna t\u00e4ielikult automatiseerida alates broneerimisest kuni arveldamiseni, minimeerides personali t\u00f6\u00f6aega ja tagades turvalise sotsiaalse distantseerumise. Hotellituppa sisenemiseks saadetakse klientidele e-kirja v\u00f5i tekstis\u00f5numi teel Mewsi kaudu automaatselt ukse avamiseks WebLock personaalne veebilink v\u00f5i sisenemiskood. Mews muudab lihtsaks ka tubade koristamise planeerimise. Kliendid saavad kasutada v\u00e4ljaregistreerimisel [&hellip;]<\/p>\n","protected":false},"author":2,"featured_media":0,"parent":20369,"menu_order":0,"comment_status":"closed","ping_status":"closed","template":"","meta":{"footnotes":""},"class_list":["post-20395","page","type-page","status-publish","hentry"],"yoast_head":"<!-- This site is optimized with the Yoast SEO plugin v27.2 - https:\/\/yoast.com\/product\/yoast-seo-wordpress\/ -->\n<title>Liidestused\/L\u00fchiajaline rent - WebLock<\/title>\n<meta name=\"robots\" content=\"index, follow, max-snippet:-1, max-image-preview:large, max-video-preview:-1\" \/>\n<link rel=\"canonical\" href=\"https:\/\/weblockonline.com\/et\/liidestused\/liidestused-luhi-ajaline-rent\/\" \/>\n<meta property=\"og:locale\" content=\"et_EE\" \/>\n<meta property=\"og:type\" content=\"article\" \/>\n<meta property=\"og:title\" content=\"Liidestused\/L\u00fchiajaline rent - WebLock\" \/>\n<meta property=\"og:description\" content=\"Liidestused \/ L\u00fchiajaline rentMewsi Property Management Systemi integratsioon WebLockiga v\u00f5imaldab hotellik\u00fclalise teekonna t\u00e4ielikult automatiseerida alates broneerimisest kuni arveldamiseni, minimeerides personali t\u00f6\u00f6aega ja tagades turvalise sotsiaalse distantseerumise. Hotellituppa sisenemiseks saadetakse klientidele e-kirja v\u00f5i tekstis\u00f5numi teel Mewsi kaudu automaatselt ukse avamiseks WebLock personaalne veebilink v\u00f5i sisenemiskood. Mews muudab lihtsaks ka tubade koristamise planeerimise. Kliendid saavad kasutada v\u00e4ljaregistreerimisel [&hellip;]\" \/>\n<meta property=\"og:url\" content=\"https:\/\/weblockonline.com\/et\/liidestused\/liidestused-luhi-ajaline-rent\/\" \/>\n<meta property=\"og:site_name\" content=\"WebLock\" \/>\n<meta property=\"article:publisher\" content=\"https:\/\/www.facebook.com\/ValnesEstonia\" \/>\n<meta property=\"article:modified_time\" content=\"2025-07-10T08:23:34+00:00\" \/>\n<meta name=\"twitter:card\" content=\"summary_large_image\" \/>\n<meta name=\"twitter:label1\" content=\"Est. reading time\" \/>\n\t<meta name=\"twitter:data1\" content=\"7 minutit\" \/>\n<script type=\"application\/ld+json\" class=\"yoast-schema-graph\">{\"@context\":\"https:\/\/schema.org\",\"@graph\":[{\"@type\":\"WebPage\",\"@id\":\"https:\/\/weblockonline.com\/et\/liidestused\/liidestused-luhi-ajaline-rent\/\",\"url\":\"https:\/\/weblockonline.com\/et\/liidestused\/liidestused-luhi-ajaline-rent\/\",\"name\":\"Liidestused\/L\u00fchiajaline rent - WebLock\",\"isPartOf\":{\"@id\":\"https:\/\/weblockonline.com\/et\/#website\"},\"datePublished\":\"2021-06-21T10:34:39+00:00\",\"dateModified\":\"2025-07-10T08:23:34+00:00\",\"breadcrumb\":{\"@id\":\"https:\/\/weblockonline.com\/et\/liidestused\/liidestused-luhi-ajaline-rent\/#breadcrumb\"},\"inLanguage\":\"et\",\"potentialAction\":[{\"@type\":\"ReadAction\",\"target\":[\"https:\/\/weblockonline.com\/et\/liidestused\/liidestused-luhi-ajaline-rent\/\"]}]},{\"@type\":\"BreadcrumbList\",\"@id\":\"https:\/\/weblockonline.com\/et\/liidestused\/liidestused-luhi-ajaline-rent\/#breadcrumb\",\"itemListElement\":[{\"@type\":\"ListItem\",\"position\":1,\"name\":\"Home\",\"item\":\"https:\/\/weblockonline.com\/et\/weblock\/\"},{\"@type\":\"ListItem\",\"position\":2,\"name\":\"Liidestused\",\"item\":\"https:\/\/weblockonline.com\/et\/integrations\/\"},{\"@type\":\"ListItem\",\"position\":3,\"name\":\"Liidestused\/L\u00fchiajaline rent\"}]},{\"@type\":\"WebSite\",\"@id\":\"https:\/\/weblockonline.com\/et\/#website\",\"url\":\"https:\/\/weblockonline.com\/et\/\",\"name\":\"WebLock\",\"description\":\"Digital Key Solutions\",\"publisher\":{\"@id\":\"https:\/\/weblockonline.com\/et\/#organization\"},\"potentialAction\":[{\"@type\":\"SearchAction\",\"target\":{\"@type\":\"EntryPoint\",\"urlTemplate\":\"https:\/\/weblockonline.com\/et\/?s={search_term_string}\"},\"query-input\":{\"@type\":\"PropertyValueSpecification\",\"valueRequired\":true,\"valueName\":\"search_term_string\"}}],\"inLanguage\":\"et\"},{\"@type\":\"Organization\",\"@id\":\"https:\/\/weblockonline.com\/et\/#organization\",\"name\":\"WebLock\",\"url\":\"https:\/\/weblockonline.com\/et\/\",\"logo\":{\"@type\":\"ImageObject\",\"inLanguage\":\"et\",\"@id\":\"https:\/\/weblockonline.com\/et\/#\/schema\/logo\/image\/\",\"url\":\"https:\/\/weblockonline.com\/wp-content\/uploads\/2021\/04\/Weblock-logo.png\",\"contentUrl\":\"https:\/\/weblockonline.com\/wp-content\/uploads\/2021\/04\/Weblock-logo.png\",\"width\":1500,\"height\":327,\"caption\":\"WebLock\"},\"image\":{\"@id\":\"https:\/\/weblockonline.com\/et\/#\/schema\/logo\/image\/\"},\"sameAs\":[\"https:\/\/www.facebook.com\/ValnesEstonia\",\"https:\/\/www.instagram.com\/valnes_locks\/\",\"https:\/\/www.linkedin.com\/company\/valnesweblock\/\"]}]}<\/script>\n<!-- \/ Yoast SEO plugin. -->","yoast_head_json":{"title":"Liidestused\/L\u00fchiajaline rent - WebLock","robots":{"index":"index","follow":"follow","max-snippet":"max-snippet:-1","max-image-preview":"max-image-preview:large","max-video-preview":"max-video-preview:-1"},"canonical":"https:\/\/weblockonline.com\/et\/liidestused\/liidestused-luhi-ajaline-rent\/","og_locale":"et_EE","og_type":"article","og_title":"Liidestused\/L\u00fchiajaline rent - WebLock","og_description":"Liidestused \/ L\u00fchiajaline rentMewsi Property Management Systemi integratsioon WebLockiga v\u00f5imaldab hotellik\u00fclalise teekonna t\u00e4ielikult automatiseerida alates broneerimisest kuni arveldamiseni, minimeerides personali t\u00f6\u00f6aega ja tagades turvalise sotsiaalse distantseerumise. Hotellituppa sisenemiseks saadetakse klientidele e-kirja v\u00f5i tekstis\u00f5numi teel Mewsi kaudu automaatselt ukse avamiseks WebLock personaalne veebilink v\u00f5i sisenemiskood. Mews muudab lihtsaks ka tubade koristamise planeerimise. Kliendid saavad kasutada v\u00e4ljaregistreerimisel [&hellip;]","og_url":"https:\/\/weblockonline.com\/et\/liidestused\/liidestused-luhi-ajaline-rent\/","og_site_name":"WebLock","article_publisher":"https:\/\/www.facebook.com\/ValnesEstonia","article_modified_time":"2025-07-10T08:23:34+00:00","twitter_card":"summary_large_image","twitter_misc":{"Est. reading time":"7 minutit"},"schema":{"@context":"https:\/\/schema.org","@graph":[{"@type":"WebPage","@id":"https:\/\/weblockonline.com\/et\/liidestused\/liidestused-luhi-ajaline-rent\/","url":"https:\/\/weblockonline.com\/et\/liidestused\/liidestused-luhi-ajaline-rent\/","name":"Liidestused\/L\u00fchiajaline rent - WebLock","isPartOf":{"@id":"https:\/\/weblockonline.com\/et\/#website"},"datePublished":"2021-06-21T10:34:39+00:00","dateModified":"2025-07-10T08:23:34+00:00","breadcrumb":{"@id":"https:\/\/weblockonline.com\/et\/liidestused\/liidestused-luhi-ajaline-rent\/#breadcrumb"},"inLanguage":"et","potentialAction":[{"@type":"ReadAction","target":["https:\/\/weblockonline.com\/et\/liidestused\/liidestused-luhi-ajaline-rent\/"]}]},{"@type":"BreadcrumbList","@id":"https:\/\/weblockonline.com\/et\/liidestused\/liidestused-luhi-ajaline-rent\/#breadcrumb","itemListElement":[{"@type":"ListItem","position":1,"name":"Home","item":"https:\/\/weblockonline.com\/et\/weblock\/"},{"@type":"ListItem","position":2,"name":"Liidestused","item":"https:\/\/weblockonline.com\/et\/integrations\/"},{"@type":"ListItem","position":3,"name":"Liidestused\/L\u00fchiajaline rent"}]},{"@type":"WebSite","@id":"https:\/\/weblockonline.com\/et\/#website","url":"https:\/\/weblockonline.com\/et\/","name":"WebLock","description":"Digital Key Solutions","publisher":{"@id":"https:\/\/weblockonline.com\/et\/#organization"},"potentialAction":[{"@type":"SearchAction","target":{"@type":"EntryPoint","urlTemplate":"https:\/\/weblockonline.com\/et\/?s={search_term_string}"},"query-input":{"@type":"PropertyValueSpecification","valueRequired":true,"valueName":"search_term_string"}}],"inLanguage":"et"},{"@type":"Organization","@id":"https:\/\/weblockonline.com\/et\/#organization","name":"WebLock","url":"https:\/\/weblockonline.com\/et\/","logo":{"@type":"ImageObject","inLanguage":"et","@id":"https:\/\/weblockonline.com\/et\/#\/schema\/logo\/image\/","url":"https:\/\/weblockonline.com\/wp-content\/uploads\/2021\/04\/Weblock-logo.png","contentUrl":"https:\/\/weblockonline.com\/wp-content\/uploads\/2021\/04\/Weblock-logo.png","width":1500,"height":327,"caption":"WebLock"},"image":{"@id":"https:\/\/weblockonline.com\/et\/#\/schema\/logo\/image\/"},"sameAs":["https:\/\/www.facebook.com\/ValnesEstonia","https:\/\/www.instagram.com\/valnes_locks\/","https:\/\/www.linkedin.com\/company\/valnesweblock\/"]}]}},"_links":{"self":[{"href":"https:\/\/weblockonline.com\/et\/wp-json\/wp\/v2\/pages\/20395","targetHints":{"allow":["GET"]}}],"collection":[{"href":"https:\/\/weblockonline.com\/et\/wp-json\/wp\/v2\/pages"}],"about":[{"href":"https:\/\/weblockonline.com\/et\/wp-json\/wp\/v2\/types\/page"}],"author":[{"embeddable":true,"href":"https:\/\/weblockonline.com\/et\/wp-json\/wp\/v2\/users\/2"}],"replies":[{"embeddable":true,"href":"https:\/\/weblockonline.com\/et\/wp-json\/wp\/v2\/comments?post=20395"}],"version-history":[{"count":43,"href":"https:\/\/weblockonline.com\/et\/wp-json\/wp\/v2\/pages\/20395\/revisions"}],"predecessor-version":[{"id":22887,"href":"https:\/\/weblockonline.com\/et\/wp-json\/wp\/v2\/pages\/20395\/revisions\/22887"}],"up":[{"embeddable":true,"href":"https:\/\/weblockonline.com\/et\/wp-json\/wp\/v2\/pages\/20369"}],"wp:attachment":[{"href":"https:\/\/weblockonline.com\/et\/wp-json\/wp\/v2\/media?parent=20395"}],"curies":[{"name":"wp","href":"https:\/\/api.w.org\/{rel}","templated":true}]}}