{"id":20401,"date":"2021-06-21T13:43:36","date_gmt":"2021-06-21T10:43:36","guid":{"rendered":"https:\/\/weblockonline.com\/liidestused-spordirajatised\/"},"modified":"2025-07-10T11:23:37","modified_gmt":"2025-07-10T08:23:37","slug":"liidestused-spordirajatised","status":"publish","type":"page","link":"https:\/\/weblockonline.com\/et\/liidestused\/liidestused-spordirajatised\/","title":{"rendered":"Liidestused\/Spordirajatised"},"content":{"rendered":"<section class=\"no-padding sm-padding-one-tb xs-no-padding no-margin-left xs-margin-0auto\"><div class=\"container\"><div class=\"row\"><div class=\"wpb_column hcode-column-container hcode-column-1 xs-no-padding no-margin vc_col-sm-12 col-xs-mobile-fullwidth\" data-front-class=\"hcode-column-1 xs-no-padding no-margin col-xs-mobile-fullwidth\"><div class=\"vc-column-innner-wrapper\"><h2 class=\"section-title no-padding xs-no-padding no-margin\" style=\" color:#003063; font-size:24px;\">Liidestused \/ Spordirajatised<\/h2><\/div><\/div><\/div><\/div><\/section><section class=\" vc_custom_1714124036988 hcode-row-1 no-padding margin-four-bottom\"><div class=\"container\"><div class=\"row\"><div class=\"wpb_column hcode-column-container hcode-column-2 no-margin-left xs-margin-one-all vc_col-sm-4 vc_col-xs-12\" data-front-class=\"hcode-column-2 no-margin-left xs-margin-one-all\"><div class=\"vc-column-innner-wrapper\"><a href=\"https:\/\/www.hopitude.com\" target=\"_blank\"><img decoding=\"async\" src=\"https:\/\/weblockonline.com\/wp-content\/uploads\/2024\/01\/Hopitude_logo.svg\" class=\"attachment-full size-full\" alt=\"\" \/><\/a><\/div><\/div><div class=\"wpb_column hcode-column-container xs-no-padding xs-margin-0auto vc_col-sm-8 vc_col-xs-12\" data-front-class=\"xs-no-padding xs-margin-0auto\"><div class=\"vc-column-innner-wrapper\"><p><a href=\"http:\/\/hopitude.com\"><strong>Hopitude<\/strong><\/a> on online broneerimis- ja makses\u00fcsteem, mis v\u00f5imaldab teenusepakkujatel lihtsasti manageerida kogu kliendi teekonda l\u00e4bi \u00fche s\u00fcsteemi. Koos WebLocki intergratsiooniga on v\u00f5imalik pakkuda t\u00e4ielikult automatiseeritud kliendikogemust broneeringust, makse ja ligip\u00e4\u00e4suni.<\/p>\n<\/div><\/div><\/div><\/div><\/section><section class=\"hcode-row-2 no-padding margin-four-bottom\"><div class=\"container\"><div class=\"row\"><div class=\"wpb_column hcode-column-container hcode-column-3 no-margin-left xs-margin-one-all vc_col-sm-4 vc_col-xs-12\" data-front-class=\"hcode-column-3 no-margin-left xs-margin-one-all\"><div class=\"vc-column-innner-wrapper\"><a href=\"https:\/\/www.booklux.com\/en\" target=\"_blank\"><img loading=\"lazy\" decoding=\"async\" width=\"1080\" height=\"245\" src=\"https:\/\/weblockonline.com\/wp-content\/uploads\/2021\/06\/BookLux.jpg\" class=\"attachment-full size-full\" alt=\"\" srcset=\"https:\/\/weblockonline.com\/wp-content\/uploads\/2021\/06\/BookLux.jpg 1080w, https:\/\/weblockonline.com\/wp-content\/uploads\/2021\/06\/BookLux-300x68.jpg 300w, https:\/\/weblockonline.com\/wp-content\/uploads\/2021\/06\/BookLux-1024x232.jpg 1024w, https:\/\/weblockonline.com\/wp-content\/uploads\/2021\/06\/BookLux-768x174.jpg 768w, https:\/\/weblockonline.com\/wp-content\/uploads\/2021\/06\/BookLux-81x18.jpg 81w\" sizes=\"auto, (max-width: 1080px) 100vw, 1080px\" \/><\/a><\/div><\/div><div class=\"wpb_column hcode-column-container xs-no-padding xs-margin-0auto vc_col-sm-8 vc_col-xs-12\" data-front-class=\"xs-no-padding xs-margin-0auto\"><div class=\"vc-column-innner-wrapper\"><p><strong>Booklux<\/strong> on veebip\u00f5hine broneerimis- ja juhtimiss\u00fcsteem, mille saab h\u00f5lpsasti oma hotelli veebisaidile integreerida, et k\u00fclalised saaksid broneerida spaahoolitsusi v\u00f5i kasutada erinevaid sportimisv\u00f5imalusi nagu n\u00e4iteks tennisev\u00e4ljakut. WebLock liidestus Bookluxiga v\u00f5imaldab klientidele edastada automaatselt ligip\u00e4\u00e4sukoodi spa-alale v\u00f5i spordirajatisse.<\/p>\n<\/div><\/div><\/div><\/div><\/section><section class=\"hcode-row-3 no-padding margin-four-bottom\"><div class=\"container\"><div class=\"row\"><div class=\"wpb_column hcode-column-container hcode-column-4 no-margin-left xs-margin-one-all vc_col-sm-4 vc_col-xs-12\" data-front-class=\"hcode-column-4 no-margin-left xs-margin-one-all\"><div class=\"vc-column-innner-wrapper\"><a href=\"https:\/\/sporty.plus\/\" target=\"_blank\"><img loading=\"lazy\" decoding=\"async\" width=\"600\" height=\"200\" src=\"https:\/\/weblockonline.com\/wp-content\/uploads\/2025\/03\/Untitled-600-x-600-px.png\" class=\"attachment-full size-full\" alt=\"Sporty.Plus\" srcset=\"https:\/\/weblockonline.com\/wp-content\/uploads\/2025\/03\/Untitled-600-x-600-px.png 600w, https:\/\/weblockonline.com\/wp-content\/uploads\/2025\/03\/Untitled-600-x-600-px-300x100.png 300w, https:\/\/weblockonline.com\/wp-content\/uploads\/2025\/03\/Untitled-600-x-600-px-81x27.png 81w\" sizes=\"auto, (max-width: 600px) 100vw, 600px\" \/><\/a><\/div><\/div><div class=\"wpb_column hcode-column-container xs-no-padding xs-margin-0auto vc_col-sm-8 vc_col-xs-12\" data-front-class=\"xs-no-padding xs-margin-0auto\"><div class=\"vc-column-innner-wrapper\"><p><strong>SportyPlus <\/strong>is a comprehensive online booking and management platform tailored specifically for racquet clubs. Our holistic approach ensures that tennis, padel, or squash clubs can efficiently manage all aspects of their operations, from court reservations to tournament organization. With a wide range of features and options, SportyPlus offers seamless integration with WebLock, providing users with personal access codes for secure and easy entry to sports facilities.<\/p>\n<\/div><\/div><\/div><\/div><\/section>","protected":false},"excerpt":{"rendered":"<p>Liidestused \/ SpordirajatisedHopitude on online broneerimis- ja makses\u00fcsteem, mis v\u00f5imaldab teenusepakkujatel lihtsasti manageerida kogu kliendi teekonda l\u00e4bi \u00fche s\u00fcsteemi. Koos WebLocki intergratsiooniga on v\u00f5imalik pakkuda t\u00e4ielikult automatiseeritud kliendikogemust broneeringust, makse ja ligip\u00e4\u00e4suni. Booklux on veebip\u00f5hine broneerimis- ja juhtimiss\u00fcsteem, mille saab h\u00f5lpsasti oma hotelli veebisaidile integreerida, et k\u00fclalised saaksid broneerida spaahoolitsusi v\u00f5i kasutada erinevaid sportimisv\u00f5imalusi nagu [&hellip;]<\/p>\n","protected":false},"author":2,"featured_media":0,"parent":20369,"menu_order":0,"comment_status":"closed","ping_status":"closed","template":"","meta":{"footnotes":""},"class_list":["post-20401","page","type-page","status-publish","hentry"],"yoast_head":"<!-- This site is optimized with the Yoast SEO plugin v27.2 - https:\/\/yoast.com\/product\/yoast-seo-wordpress\/ -->\n<title>Liidestused\/Spordirajatised - WebLock<\/title>\n<meta name=\"robots\" content=\"index, follow, max-snippet:-1, max-image-preview:large, max-video-preview:-1\" \/>\n<link rel=\"canonical\" href=\"https:\/\/weblockonline.com\/et\/liidestused\/liidestused-spordirajatised\/\" \/>\n<meta property=\"og:locale\" content=\"et_EE\" \/>\n<meta property=\"og:type\" content=\"article\" \/>\n<meta property=\"og:title\" content=\"Liidestused\/Spordirajatised - WebLock\" \/>\n<meta property=\"og:description\" content=\"Liidestused \/ SpordirajatisedHopitude on online broneerimis- ja makses\u00fcsteem, mis v\u00f5imaldab teenusepakkujatel lihtsasti manageerida kogu kliendi teekonda l\u00e4bi \u00fche s\u00fcsteemi. Koos WebLocki intergratsiooniga on v\u00f5imalik pakkuda t\u00e4ielikult automatiseeritud kliendikogemust broneeringust, makse ja ligip\u00e4\u00e4suni. Booklux on veebip\u00f5hine broneerimis- ja juhtimiss\u00fcsteem, mille saab h\u00f5lpsasti oma hotelli veebisaidile integreerida, et k\u00fclalised saaksid broneerida spaahoolitsusi v\u00f5i kasutada erinevaid sportimisv\u00f5imalusi nagu [&hellip;]\" \/>\n<meta property=\"og:url\" content=\"https:\/\/weblockonline.com\/et\/liidestused\/liidestused-spordirajatised\/\" \/>\n<meta property=\"og:site_name\" content=\"WebLock\" \/>\n<meta property=\"article:publisher\" content=\"https:\/\/www.facebook.com\/ValnesEstonia\" \/>\n<meta property=\"article:modified_time\" content=\"2025-07-10T08:23:37+00:00\" \/>\n<meta name=\"twitter:card\" content=\"summary_large_image\" \/>\n<meta name=\"twitter:label1\" content=\"Est. reading time\" \/>\n\t<meta name=\"twitter:data1\" content=\"2 minutit\" \/>\n<script type=\"application\/ld+json\" class=\"yoast-schema-graph\">{\"@context\":\"https:\/\/schema.org\",\"@graph\":[{\"@type\":\"WebPage\",\"@id\":\"https:\/\/weblockonline.com\/et\/liidestused\/liidestused-spordirajatised\/\",\"url\":\"https:\/\/weblockonline.com\/et\/liidestused\/liidestused-spordirajatised\/\",\"name\":\"Liidestused\/Spordirajatised - WebLock\",\"isPartOf\":{\"@id\":\"https:\/\/weblockonline.com\/et\/#website\"},\"datePublished\":\"2021-06-21T10:43:36+00:00\",\"dateModified\":\"2025-07-10T08:23:37+00:00\",\"breadcrumb\":{\"@id\":\"https:\/\/weblockonline.com\/et\/liidestused\/liidestused-spordirajatised\/#breadcrumb\"},\"inLanguage\":\"et\",\"potentialAction\":[{\"@type\":\"ReadAction\",\"target\":[\"https:\/\/weblockonline.com\/et\/liidestused\/liidestused-spordirajatised\/\"]}]},{\"@type\":\"BreadcrumbList\",\"@id\":\"https:\/\/weblockonline.com\/et\/liidestused\/liidestused-spordirajatised\/#breadcrumb\",\"itemListElement\":[{\"@type\":\"ListItem\",\"position\":1,\"name\":\"Home\",\"item\":\"https:\/\/weblockonline.com\/et\/weblock\/\"},{\"@type\":\"ListItem\",\"position\":2,\"name\":\"Liidestused\",\"item\":\"https:\/\/weblockonline.com\/et\/integrations\/\"},{\"@type\":\"ListItem\",\"position\":3,\"name\":\"Liidestused\/Spordirajatised\"}]},{\"@type\":\"WebSite\",\"@id\":\"https:\/\/weblockonline.com\/et\/#website\",\"url\":\"https:\/\/weblockonline.com\/et\/\",\"name\":\"WebLock\",\"description\":\"Digital Key Solutions\",\"publisher\":{\"@id\":\"https:\/\/weblockonline.com\/et\/#organization\"},\"potentialAction\":[{\"@type\":\"SearchAction\",\"target\":{\"@type\":\"EntryPoint\",\"urlTemplate\":\"https:\/\/weblockonline.com\/et\/?s={search_term_string}\"},\"query-input\":{\"@type\":\"PropertyValueSpecification\",\"valueRequired\":true,\"valueName\":\"search_term_string\"}}],\"inLanguage\":\"et\"},{\"@type\":\"Organization\",\"@id\":\"https:\/\/weblockonline.com\/et\/#organization\",\"name\":\"WebLock\",\"url\":\"https:\/\/weblockonline.com\/et\/\",\"logo\":{\"@type\":\"ImageObject\",\"inLanguage\":\"et\",\"@id\":\"https:\/\/weblockonline.com\/et\/#\/schema\/logo\/image\/\",\"url\":\"https:\/\/weblockonline.com\/wp-content\/uploads\/2021\/04\/Weblock-logo.png\",\"contentUrl\":\"https:\/\/weblockonline.com\/wp-content\/uploads\/2021\/04\/Weblock-logo.png\",\"width\":1500,\"height\":327,\"caption\":\"WebLock\"},\"image\":{\"@id\":\"https:\/\/weblockonline.com\/et\/#\/schema\/logo\/image\/\"},\"sameAs\":[\"https:\/\/www.facebook.com\/ValnesEstonia\",\"https:\/\/www.instagram.com\/valnes_locks\/\",\"https:\/\/www.linkedin.com\/company\/valnesweblock\/\"]}]}<\/script>\n<!-- \/ Yoast SEO plugin. -->","yoast_head_json":{"title":"Liidestused\/Spordirajatised - WebLock","robots":{"index":"index","follow":"follow","max-snippet":"max-snippet:-1","max-image-preview":"max-image-preview:large","max-video-preview":"max-video-preview:-1"},"canonical":"https:\/\/weblockonline.com\/et\/liidestused\/liidestused-spordirajatised\/","og_locale":"et_EE","og_type":"article","og_title":"Liidestused\/Spordirajatised - WebLock","og_description":"Liidestused \/ SpordirajatisedHopitude on online broneerimis- ja makses\u00fcsteem, mis v\u00f5imaldab teenusepakkujatel lihtsasti manageerida kogu kliendi teekonda l\u00e4bi \u00fche s\u00fcsteemi. Koos WebLocki intergratsiooniga on v\u00f5imalik pakkuda t\u00e4ielikult automatiseeritud kliendikogemust broneeringust, makse ja ligip\u00e4\u00e4suni. Booklux on veebip\u00f5hine broneerimis- ja juhtimiss\u00fcsteem, mille saab h\u00f5lpsasti oma hotelli veebisaidile integreerida, et k\u00fclalised saaksid broneerida spaahoolitsusi v\u00f5i kasutada erinevaid sportimisv\u00f5imalusi nagu [&hellip;]","og_url":"https:\/\/weblockonline.com\/et\/liidestused\/liidestused-spordirajatised\/","og_site_name":"WebLock","article_publisher":"https:\/\/www.facebook.com\/ValnesEstonia","article_modified_time":"2025-07-10T08:23:37+00:00","twitter_card":"summary_large_image","twitter_misc":{"Est. reading time":"2 minutit"},"schema":{"@context":"https:\/\/schema.org","@graph":[{"@type":"WebPage","@id":"https:\/\/weblockonline.com\/et\/liidestused\/liidestused-spordirajatised\/","url":"https:\/\/weblockonline.com\/et\/liidestused\/liidestused-spordirajatised\/","name":"Liidestused\/Spordirajatised - WebLock","isPartOf":{"@id":"https:\/\/weblockonline.com\/et\/#website"},"datePublished":"2021-06-21T10:43:36+00:00","dateModified":"2025-07-10T08:23:37+00:00","breadcrumb":{"@id":"https:\/\/weblockonline.com\/et\/liidestused\/liidestused-spordirajatised\/#breadcrumb"},"inLanguage":"et","potentialAction":[{"@type":"ReadAction","target":["https:\/\/weblockonline.com\/et\/liidestused\/liidestused-spordirajatised\/"]}]},{"@type":"BreadcrumbList","@id":"https:\/\/weblockonline.com\/et\/liidestused\/liidestused-spordirajatised\/#breadcrumb","itemListElement":[{"@type":"ListItem","position":1,"name":"Home","item":"https:\/\/weblockonline.com\/et\/weblock\/"},{"@type":"ListItem","position":2,"name":"Liidestused","item":"https:\/\/weblockonline.com\/et\/integrations\/"},{"@type":"ListItem","position":3,"name":"Liidestused\/Spordirajatised"}]},{"@type":"WebSite","@id":"https:\/\/weblockonline.com\/et\/#website","url":"https:\/\/weblockonline.com\/et\/","name":"WebLock","description":"Digital Key Solutions","publisher":{"@id":"https:\/\/weblockonline.com\/et\/#organization"},"potentialAction":[{"@type":"SearchAction","target":{"@type":"EntryPoint","urlTemplate":"https:\/\/weblockonline.com\/et\/?s={search_term_string}"},"query-input":{"@type":"PropertyValueSpecification","valueRequired":true,"valueName":"search_term_string"}}],"inLanguage":"et"},{"@type":"Organization","@id":"https:\/\/weblockonline.com\/et\/#organization","name":"WebLock","url":"https:\/\/weblockonline.com\/et\/","logo":{"@type":"ImageObject","inLanguage":"et","@id":"https:\/\/weblockonline.com\/et\/#\/schema\/logo\/image\/","url":"https:\/\/weblockonline.com\/wp-content\/uploads\/2021\/04\/Weblock-logo.png","contentUrl":"https:\/\/weblockonline.com\/wp-content\/uploads\/2021\/04\/Weblock-logo.png","width":1500,"height":327,"caption":"WebLock"},"image":{"@id":"https:\/\/weblockonline.com\/et\/#\/schema\/logo\/image\/"},"sameAs":["https:\/\/www.facebook.com\/ValnesEstonia","https:\/\/www.instagram.com\/valnes_locks\/","https:\/\/www.linkedin.com\/company\/valnesweblock\/"]}]}},"_links":{"self":[{"href":"https:\/\/weblockonline.com\/et\/wp-json\/wp\/v2\/pages\/20401","targetHints":{"allow":["GET"]}}],"collection":[{"href":"https:\/\/weblockonline.com\/et\/wp-json\/wp\/v2\/pages"}],"about":[{"href":"https:\/\/weblockonline.com\/et\/wp-json\/wp\/v2\/types\/page"}],"author":[{"embeddable":true,"href":"https:\/\/weblockonline.com\/et\/wp-json\/wp\/v2\/users\/2"}],"replies":[{"embeddable":true,"href":"https:\/\/weblockonline.com\/et\/wp-json\/wp\/v2\/comments?post=20401"}],"version-history":[{"count":34,"href":"https:\/\/weblockonline.com\/et\/wp-json\/wp\/v2\/pages\/20401\/revisions"}],"predecessor-version":[{"id":24287,"href":"https:\/\/weblockonline.com\/et\/wp-json\/wp\/v2\/pages\/20401\/revisions\/24287"}],"up":[{"embeddable":true,"href":"https:\/\/weblockonline.com\/et\/wp-json\/wp\/v2\/pages\/20369"}],"wp:attachment":[{"href":"https:\/\/weblockonline.com\/et\/wp-json\/wp\/v2\/media?parent=20401"}],"curies":[{"name":"wp","href":"https:\/\/api.w.org\/{rel}","templated":true}]}}