{"id":20524,"date":"2021-04-05T12:25:07","date_gmt":"2021-04-05T09:25:07","guid":{"rendered":"https:\/\/weblockonline.com\/privaatsuspoliitika\/"},"modified":"2026-01-29T09:28:18","modified_gmt":"2026-01-29T07:28:18","slug":"privaatsuspoliitika","status":"publish","type":"page","link":"https:\/\/weblockonline.com\/et\/privaatsuspoliitika\/","title":{"rendered":"Privaatsuspoliitika"},"content":{"rendered":"<section class=\"xs-padding-four\"><div class=\"container\"><div class=\"row\"><div class=\"wpb_column hcode-column-container  col-xs-mobile-fullwidth\" data-front-class=\"col-xs-mobile-fullwidth front-column-class\"><div class=\"vc-column-innner-wrapper\"><h2 class=\"section-title no-padding-bottom hcode-font-setting-69d79da0c203c\" style=\" color:#003063; font-weight:800;\">KASUTUSTINGIMUSED<\/h2>[vc_empty_space]<p>Enne lehek\u00fclje kasutamist lugege hoolikalt kasutustingimusi.<\/p>\n<p>WebLock kodulehek\u00fclje (\u201esaidi\u201c) kasutamisel n\u00f5ustute j\u00e4rgnevate tingimustega. Kui Te ei ole kasutustingimustega n\u00f5us, tuleb Teil veebilehek\u00fcljelt lahkuda.<\/p>\n<p><strong>1. Ligip\u00e4\u00e4supiirangud<\/strong><\/p>\n<p>Selle lehek\u00fclje sisu osaline v\u00f5i t\u00e4ielik reprodutseerimine, edastamine, levitamine v\u00f5i s\u00e4ilitamine on keelatud ilma WebLock O\u00dc eelneva kirjaliku n\u00f5usolekuta. Sisu muutmine on keelatud. V\u00f5ite siiski ainult isiklikuks kasutuseks hoiustada oma arvutis v\u00f5i v\u00e4lja printida v\u00e4ljav\u00f5tteid saidilt. Avalikuks m\u00e4rgitud pressiteadete ja muude dokumentide kasutamine on lubatud avalikuks kommunikeerimiseks, kui infoallikas on v\u00e4lja toodud.<\/p>\n<p><strong>2. Garantii puudumine<\/strong><\/p>\n<p>Lehek\u00fclje sisu on esitatud selle olemasoleval ja k\u00e4ttesaadaval kujul. Saidi t\u00e4psuse, usaldusv\u00e4\u00e4rsuse ega sisu osas ei anta otseselt ega kaudselt garantiid. WebLock O\u00dc ei garanteeri, et sait v\u00f5i seda pakkuvad serverid on vigadeta, viirusteta v\u00f5i muude kahjulike komponentideta. WebLock O\u00dc j\u00e4tab omale \u00f5iguse muuta saiti v\u00f5i tagada juurdep\u00e4\u00e4s sellele oma \u00e4ran\u00e4gemise j\u00e4rgi.<\/p>\n<p><strong>3. Autori\u00f5igused<\/strong><\/p>\n<p>Selle lehek\u00fclje autori\u00f5igused kuuluvad WebLock O\u00dc-le. K\u00f5ik \u00f5igused kaitstud.<\/p>\n<p><strong>4. Kaubam\u00e4rgid<\/strong><\/p>\n<p>Sait sisaldab ettev\u00f5tte logosid, tootenimesid, br\u00e4nde ja muid identifitseerimiss\u00fcmboleid, mis on otseselt v\u00f5i kaudselt WebLock O\u00dc omandatud kaubam\u00e4rgid v\u00f5i registreeritud kaubam\u00e4rgid. Sait v\u00f5ib sisaldada ka kaubam\u00e4rke v\u00f5i registreeritud kaubam\u00e4rke, mis kuuluvad kolmandatele osapooltele. K\u00f5ikide selliste kaubam\u00e4rkide omavoliline kasutamine on rangelt keelatud.<\/p>\n<p><strong>5. Materjalide esitamine<\/strong><\/p>\n<p>Esitades materjale e-kirja v\u00f5i meie mistahes serverile, garanteerite, et:<br \/>\na) WebLock O\u00dc v\u00f5ib avaldada materjali;<br \/>\nb) materjal ei ole konfidentsiaalne, sobib avaldamiseks ja ei sisalda viiruseid v\u00f5i muid kahjulikke omadusi;<br \/>\nc) vastutate h\u00fcvitise eest ja kaitsete WebLock O\u00dc s\u00fc\u00fctust, kui kolmas osapool algatab menetluse seoses Teie esitatud materjaliga;<br \/>\nd) ei algata meie vastu menetlust seoses Teie esitatud materjaliga.<\/p>\n<p><strong>6. Lingid kolmandate osapoolte lehek\u00fclgedele<\/strong><\/p>\n<p>WebLock O\u00dc ei vastuta kolmandate osapoolte loodud v\u00f5i avaldatud materjalide eest, millele see sait on lingitud. Selliste linkide olemasolu ei viita \u00fchegi lingitud saidi mistahes materjali heakskiitmisele ega kinnitamisele.<\/p>\n<p><strong>7. Vastutusest loobumine<\/strong><\/p>\n<p>WebLock O\u00dc ei vastuta mingil juhul kahju eest, mis v\u00f5ib tuleneda saidi sisu kasutamisest v\u00f5i selle kasutamata j\u00e4tmisest.<\/p>\n<p><strong>8. Vaidluste lahendamine<\/strong><\/p>\n<p>Teie ja WebLock O\u00dc vahel tekkinud vaidlused lahendatakse l\u00e4bir\u00e4\u00e4kimiste teel. Kokkuleppe mittesaavutamisel on Teil \u00f5igus p\u00f6\u00f6rduda Tarbijakaitseametisse v\u00f5i Harju Maakohtusse. Vaidluste lahendamisel l\u00e4htutakse Eesti Vabariigis kehtivatest \u00f5igusaktidest.<\/p>\n[vc_empty_space]<h2 class=\"section-title no-padding-bottom hcode-font-setting-69d79da0c2099\" style=\" color:#003063; font-weight:800;\">PRIVAATSUSPOLIITIKA<\/h2>[vc_empty_space]<p>Selles Privaatsuspoliitikas kirjeldame, kuidas WebLock kodulehel kasutatakse k\u00fcpsiseid ja kuidas k\u00e4sitleme isikuandmeid, mida k\u00fclastaja l\u00e4bi selle saidi meiega jagab.<\/p>\n<p><strong>K\u00fcpsised<\/strong><\/p>\n<p>K\u00fcpsiseid kasutatakse sageli paljudel kodulehtedel, nagu ka WebLock lehel. K\u00fcpsis on pisike tekstifail, mille koduleht salvestab Teie arvutisse. K\u00fcpsiste abil saab koduleht tuvastada k\u00fclastaja ning j\u00e4lgida, millal ja kuidas lehte kasutatakse. Selle info ja statistika p\u00f5hjal saab WebLock O\u00dc parendada kodulehte parema teenuse osutamiseks. Kui Te ei soovi saada k\u00fcpsiseid v\u00f5i soovite saada teavitust, millal k\u00fcpsised m\u00e4\u00e4ratakse, v\u00f5ite seadista oma veebibrauseri niimoodi, kui see seda v\u00f5imaldab.<\/p>\n<p><strong>Isikuandmete t\u00f6\u00f6tlemine<\/strong><\/p>\n<p>See veebileht sisaldab m\u00f5ningaid vorme, millega saate anda WebLock O\u00dc-le oma isikuandmeid, nt nimi, telefoni number ja e-posti aadress. K\u00fcsime seda infot Teie k\u00fcsimustele ja soovidele vastamiseks, kliendisuhete s\u00e4ilitamiseks ning selle abil parandame oma teenust. Hoiame Teie isikuandmeid m\u00f5nda aega ja v\u00f5ime seda kasutada WebLock O\u00dc-ga seotud materjalide saatmiseks ka tulevikus. Iga Teile saadetud e-kiri sisaldab v\u00f5imalust loobuda WebLock O\u00dc saadud kirjadest.<\/p>\n<p>Andes WebLock O\u00dc-le selle saidi kaudu teavet, n\u00f5ustute ja annate n\u00f5usoleku isikut tuvastava teabe kogumiseks ja kasutamiseks, nagu on kirjeldatud k\u00e4esolevas avalduses. V\u00f5ite igal ajal loobuda oma n\u00f5usolekust ja paluda WebLock O\u00dc-l kustutada oma informatsioon, saates e-kirja sales@weblockonline.com.<\/p>\n<p>WebLock O\u00dc-s on isikuandmed k\u00e4ttesaadavad neile, kes uuendavad infot WebLock kodulehel. Teenuse osutamiseks v\u00f5i Teie soovi t\u00e4itmiseks v\u00f5idakse vajadusel avalikustada Teie andmed teistele WebLock O\u00dc t\u00f6\u00f6tajatele. WebLock O\u00dc ei jaga Teie isikuandmeid kolmandatele osapooltele v\u00e4lja arvatud seaduses etten\u00e4htud korras.<\/p>\n<p><strong>Kontakt<\/strong><\/p>\n<p>V\u00f5ite igal ajal v\u00f5tta \u00fchendust WebLock O\u00dc-ga, kontrollimaks, et Teie isikuandmed on t\u00e4psed. Teie soovil parandame v\u00f5i kustutame igasugused mittet\u00e4ielikud, ebat\u00e4psed v\u00f5i aegunud isikuandmed. Lisainfo saamiseks palun saatke e-kiri sales@weblockonline.com.<\/p>\n<p><strong>Teiste isikuandmete t\u00f6\u00f6tlemine<\/strong><\/p>\n<p>WebLock O\u00dc-s on ligip\u00e4\u00e4s isikuandmetele ja nende k\u00e4sitlemine piiratud, l\u00e4htudes t\u00f6\u00f6tajate \u00fclesannete t\u00e4itmisest sellisele teabele, mille k\u00e4sitlemine on vajalik t\u00f6\u00f6tajate t\u00f6\u00f6\u00fclesannete t\u00e4itmiseks. Isikuandmete k\u00e4sitlemine on lubatud ainult t\u00f6\u00f6\u00fclesannete t\u00e4itmiseks. Isikuandmeid kaitstakse \u00fchiselt aktsepteeritud tehniliste viisidega, nt salas\u00f5nade, piiratud juurdep\u00e4\u00e4su ja tulem\u00fc\u00fcridega. WebLock O\u00dc tagab sellisel viisil isikuandmete t\u00f6\u00f6tlemise ohutuse ja seadusega koosk\u00f5las olemise. Juhul kui Teil on k\u00fcsimusi oma isikuandmete kohta, palun saatke need e-postile sales@weblockonline.com.<\/p>\n<\/div><\/div><\/div><\/div><\/section>","protected":false},"excerpt":{"rendered":"<p>KASUTUSTINGIMUSED[vc_empty_space]Enne lehek\u00fclje kasutamist lugege hoolikalt kasutustingimusi. WebLock kodulehek\u00fclje (\u201esaidi\u201c) kasutamisel n\u00f5ustute j\u00e4rgnevate tingimustega. Kui Te ei ole kasutustingimustega n\u00f5us, tuleb Teil veebilehek\u00fcljelt lahkuda. 1. Ligip\u00e4\u00e4supiirangud Selle lehek\u00fclje sisu osaline v\u00f5i t\u00e4ielik reprodutseerimine, edastamine, levitamine v\u00f5i s\u00e4ilitamine on keelatud ilma WebLock O\u00dc eelneva kirjaliku n\u00f5usolekuta. Sisu muutmine on keelatud. V\u00f5ite siiski ainult isiklikuks kasutuseks hoiustada oma [&hellip;]<\/p>\n","protected":false},"author":1,"featured_media":0,"parent":0,"menu_order":0,"comment_status":"closed","ping_status":"open","template":"","meta":{"footnotes":""},"class_list":["post-20524","page","type-page","status-publish","hentry"],"yoast_head":"<!-- This site is optimized with the Yoast SEO plugin v27.2 - https:\/\/yoast.com\/product\/yoast-seo-wordpress\/ -->\n<title>Privaatsuspoliitika - WebLock<\/title>\n<meta name=\"robots\" content=\"index, follow, max-snippet:-1, max-image-preview:large, max-video-preview:-1\" \/>\n<link rel=\"canonical\" href=\"https:\/\/weblockonline.com\/et\/privaatsuspoliitika\/\" \/>\n<meta property=\"og:locale\" content=\"et_EE\" \/>\n<meta property=\"og:type\" content=\"article\" \/>\n<meta property=\"og:title\" content=\"Privaatsuspoliitika - WebLock\" \/>\n<meta property=\"og:description\" content=\"KASUTUSTINGIMUSED[vc_empty_space]Enne lehek\u00fclje kasutamist lugege hoolikalt kasutustingimusi. WebLock kodulehek\u00fclje (\u201esaidi\u201c) kasutamisel n\u00f5ustute j\u00e4rgnevate tingimustega. Kui Te ei ole kasutustingimustega n\u00f5us, tuleb Teil veebilehek\u00fcljelt lahkuda. 1. Ligip\u00e4\u00e4supiirangud Selle lehek\u00fclje sisu osaline v\u00f5i t\u00e4ielik reprodutseerimine, edastamine, levitamine v\u00f5i s\u00e4ilitamine on keelatud ilma WebLock O\u00dc eelneva kirjaliku n\u00f5usolekuta. Sisu muutmine on keelatud. V\u00f5ite siiski ainult isiklikuks kasutuseks hoiustada oma [&hellip;]\" \/>\n<meta property=\"og:url\" content=\"https:\/\/weblockonline.com\/et\/privaatsuspoliitika\/\" \/>\n<meta property=\"og:site_name\" content=\"WebLock\" \/>\n<meta property=\"article:publisher\" content=\"https:\/\/www.facebook.com\/ValnesEstonia\" \/>\n<meta property=\"article:modified_time\" content=\"2026-01-29T07:28:18+00:00\" \/>\n<meta name=\"twitter:card\" content=\"summary_large_image\" \/>\n<meta name=\"twitter:label1\" content=\"Est. reading time\" \/>\n\t<meta name=\"twitter:data1\" content=\"3 minutit\" \/>\n<script type=\"application\/ld+json\" class=\"yoast-schema-graph\">{\"@context\":\"https:\/\/schema.org\",\"@graph\":[{\"@type\":\"WebPage\",\"@id\":\"https:\/\/weblockonline.com\/et\/privaatsuspoliitika\/\",\"url\":\"https:\/\/weblockonline.com\/et\/privaatsuspoliitika\/\",\"name\":\"Privaatsuspoliitika - WebLock\",\"isPartOf\":{\"@id\":\"https:\/\/weblockonline.com\/et\/#website\"},\"datePublished\":\"2021-04-05T09:25:07+00:00\",\"dateModified\":\"2026-01-29T07:28:18+00:00\",\"breadcrumb\":{\"@id\":\"https:\/\/weblockonline.com\/et\/privaatsuspoliitika\/#breadcrumb\"},\"inLanguage\":\"et\",\"potentialAction\":[{\"@type\":\"ReadAction\",\"target\":[\"https:\/\/weblockonline.com\/et\/privaatsuspoliitika\/\"]}]},{\"@type\":\"BreadcrumbList\",\"@id\":\"https:\/\/weblockonline.com\/et\/privaatsuspoliitika\/#breadcrumb\",\"itemListElement\":[{\"@type\":\"ListItem\",\"position\":1,\"name\":\"Home\",\"item\":\"https:\/\/weblockonline.com\/et\/weblock\/\"},{\"@type\":\"ListItem\",\"position\":2,\"name\":\"Privaatsuspoliitika\"}]},{\"@type\":\"WebSite\",\"@id\":\"https:\/\/weblockonline.com\/et\/#website\",\"url\":\"https:\/\/weblockonline.com\/et\/\",\"name\":\"WebLock\",\"description\":\"Digital Key Solutions\",\"publisher\":{\"@id\":\"https:\/\/weblockonline.com\/et\/#organization\"},\"potentialAction\":[{\"@type\":\"SearchAction\",\"target\":{\"@type\":\"EntryPoint\",\"urlTemplate\":\"https:\/\/weblockonline.com\/et\/?s={search_term_string}\"},\"query-input\":{\"@type\":\"PropertyValueSpecification\",\"valueRequired\":true,\"valueName\":\"search_term_string\"}}],\"inLanguage\":\"et\"},{\"@type\":\"Organization\",\"@id\":\"https:\/\/weblockonline.com\/et\/#organization\",\"name\":\"WebLock\",\"url\":\"https:\/\/weblockonline.com\/et\/\",\"logo\":{\"@type\":\"ImageObject\",\"inLanguage\":\"et\",\"@id\":\"https:\/\/weblockonline.com\/et\/#\/schema\/logo\/image\/\",\"url\":\"https:\/\/weblockonline.com\/wp-content\/uploads\/2021\/04\/Weblock-logo.png\",\"contentUrl\":\"https:\/\/weblockonline.com\/wp-content\/uploads\/2021\/04\/Weblock-logo.png\",\"width\":1500,\"height\":327,\"caption\":\"WebLock\"},\"image\":{\"@id\":\"https:\/\/weblockonline.com\/et\/#\/schema\/logo\/image\/\"},\"sameAs\":[\"https:\/\/www.facebook.com\/ValnesEstonia\",\"https:\/\/www.instagram.com\/valnes_locks\/\",\"https:\/\/www.linkedin.com\/company\/valnesweblock\/\"]}]}<\/script>\n<!-- \/ Yoast SEO plugin. -->","yoast_head_json":{"title":"Privaatsuspoliitika - WebLock","robots":{"index":"index","follow":"follow","max-snippet":"max-snippet:-1","max-image-preview":"max-image-preview:large","max-video-preview":"max-video-preview:-1"},"canonical":"https:\/\/weblockonline.com\/et\/privaatsuspoliitika\/","og_locale":"et_EE","og_type":"article","og_title":"Privaatsuspoliitika - WebLock","og_description":"KASUTUSTINGIMUSED[vc_empty_space]Enne lehek\u00fclje kasutamist lugege hoolikalt kasutustingimusi. WebLock kodulehek\u00fclje (\u201esaidi\u201c) kasutamisel n\u00f5ustute j\u00e4rgnevate tingimustega. Kui Te ei ole kasutustingimustega n\u00f5us, tuleb Teil veebilehek\u00fcljelt lahkuda. 1. Ligip\u00e4\u00e4supiirangud Selle lehek\u00fclje sisu osaline v\u00f5i t\u00e4ielik reprodutseerimine, edastamine, levitamine v\u00f5i s\u00e4ilitamine on keelatud ilma WebLock O\u00dc eelneva kirjaliku n\u00f5usolekuta. Sisu muutmine on keelatud. V\u00f5ite siiski ainult isiklikuks kasutuseks hoiustada oma [&hellip;]","og_url":"https:\/\/weblockonline.com\/et\/privaatsuspoliitika\/","og_site_name":"WebLock","article_publisher":"https:\/\/www.facebook.com\/ValnesEstonia","article_modified_time":"2026-01-29T07:28:18+00:00","twitter_card":"summary_large_image","twitter_misc":{"Est. reading time":"3 minutit"},"schema":{"@context":"https:\/\/schema.org","@graph":[{"@type":"WebPage","@id":"https:\/\/weblockonline.com\/et\/privaatsuspoliitika\/","url":"https:\/\/weblockonline.com\/et\/privaatsuspoliitika\/","name":"Privaatsuspoliitika - WebLock","isPartOf":{"@id":"https:\/\/weblockonline.com\/et\/#website"},"datePublished":"2021-04-05T09:25:07+00:00","dateModified":"2026-01-29T07:28:18+00:00","breadcrumb":{"@id":"https:\/\/weblockonline.com\/et\/privaatsuspoliitika\/#breadcrumb"},"inLanguage":"et","potentialAction":[{"@type":"ReadAction","target":["https:\/\/weblockonline.com\/et\/privaatsuspoliitika\/"]}]},{"@type":"BreadcrumbList","@id":"https:\/\/weblockonline.com\/et\/privaatsuspoliitika\/#breadcrumb","itemListElement":[{"@type":"ListItem","position":1,"name":"Home","item":"https:\/\/weblockonline.com\/et\/weblock\/"},{"@type":"ListItem","position":2,"name":"Privaatsuspoliitika"}]},{"@type":"WebSite","@id":"https:\/\/weblockonline.com\/et\/#website","url":"https:\/\/weblockonline.com\/et\/","name":"WebLock","description":"Digital Key Solutions","publisher":{"@id":"https:\/\/weblockonline.com\/et\/#organization"},"potentialAction":[{"@type":"SearchAction","target":{"@type":"EntryPoint","urlTemplate":"https:\/\/weblockonline.com\/et\/?s={search_term_string}"},"query-input":{"@type":"PropertyValueSpecification","valueRequired":true,"valueName":"search_term_string"}}],"inLanguage":"et"},{"@type":"Organization","@id":"https:\/\/weblockonline.com\/et\/#organization","name":"WebLock","url":"https:\/\/weblockonline.com\/et\/","logo":{"@type":"ImageObject","inLanguage":"et","@id":"https:\/\/weblockonline.com\/et\/#\/schema\/logo\/image\/","url":"https:\/\/weblockonline.com\/wp-content\/uploads\/2021\/04\/Weblock-logo.png","contentUrl":"https:\/\/weblockonline.com\/wp-content\/uploads\/2021\/04\/Weblock-logo.png","width":1500,"height":327,"caption":"WebLock"},"image":{"@id":"https:\/\/weblockonline.com\/et\/#\/schema\/logo\/image\/"},"sameAs":["https:\/\/www.facebook.com\/ValnesEstonia","https:\/\/www.instagram.com\/valnes_locks\/","https:\/\/www.linkedin.com\/company\/valnesweblock\/"]}]}},"_links":{"self":[{"href":"https:\/\/weblockonline.com\/et\/wp-json\/wp\/v2\/pages\/20524","targetHints":{"allow":["GET"]}}],"collection":[{"href":"https:\/\/weblockonline.com\/et\/wp-json\/wp\/v2\/pages"}],"about":[{"href":"https:\/\/weblockonline.com\/et\/wp-json\/wp\/v2\/types\/page"}],"author":[{"embeddable":true,"href":"https:\/\/weblockonline.com\/et\/wp-json\/wp\/v2\/users\/1"}],"replies":[{"embeddable":true,"href":"https:\/\/weblockonline.com\/et\/wp-json\/wp\/v2\/comments?post=20524"}],"version-history":[{"count":40,"href":"https:\/\/weblockonline.com\/et\/wp-json\/wp\/v2\/pages\/20524\/revisions"}],"predecessor-version":[{"id":24987,"href":"https:\/\/weblockonline.com\/et\/wp-json\/wp\/v2\/pages\/20524\/revisions\/24987"}],"wp:attachment":[{"href":"https:\/\/weblockonline.com\/et\/wp-json\/wp\/v2\/media?parent=20524"}],"curies":[{"name":"wp","href":"https:\/\/api.w.org\/{rel}","templated":true}]}}