{"id":20795,"date":"2021-07-05T09:01:09","date_gmt":"2021-07-05T06:01:09","guid":{"rendered":"https:\/\/weblockonline.com\/liidestused-pikaajaline-rent\/"},"modified":"2025-07-10T11:23:34","modified_gmt":"2025-07-10T08:23:34","slug":"liidestused-pikaajaline-rent","status":"publish","type":"page","link":"https:\/\/weblockonline.com\/et\/liidestused\/liidestused-pikaajaline-rent\/","title":{"rendered":"Liidestused\/Pikaajaline rent"},"content":{"rendered":"<section class=\"no-padding sm-padding-one-tb xs-no-padding no-margin-left xs-margin-0auto\"><div class=\"container\"><div class=\"row\"><div class=\"wpb_column hcode-column-container hcode-column-1 xs-no-padding no-margin vc_col-sm-12 col-xs-mobile-fullwidth\" data-front-class=\"hcode-column-1 xs-no-padding no-margin col-xs-mobile-fullwidth\"><div class=\"vc-column-innner-wrapper\"><h2 class=\"section-title no-padding xs-no-padding no-margin\" style=\" color:#003063; font-size:24px;\">Liidestused \/ Pikaajaline rent<\/h2><\/div><\/div><\/div><\/div><\/section><section class=\" vc_custom_1697717602611 hcode-row-1 no-padding margin-four-bottom\"><div class=\"container\"><div class=\"row\"><div class=\"wpb_column hcode-column-container hcode-column-2 no-margin-left xs-margin-one-all vc_col-sm-4 vc_col-xs-12\" data-front-class=\"hcode-column-2 no-margin-left xs-margin-one-all\"><div class=\"vc-column-innner-wrapper\"><a href=\"https:\/\/bidrento.com\/\" target=\"_blank\"><img loading=\"lazy\" decoding=\"async\" width=\"1080\" height=\"302\" src=\"https:\/\/weblockonline.com\/wp-content\/uploads\/2021\/07\/Bidrento_Logo.jpg\" class=\"attachment-full size-full\" alt=\"\" srcset=\"https:\/\/weblockonline.com\/wp-content\/uploads\/2021\/07\/Bidrento_Logo.jpg 1080w, https:\/\/weblockonline.com\/wp-content\/uploads\/2021\/07\/Bidrento_Logo-300x84.jpg 300w, https:\/\/weblockonline.com\/wp-content\/uploads\/2021\/07\/Bidrento_Logo-1024x286.jpg 1024w, https:\/\/weblockonline.com\/wp-content\/uploads\/2021\/07\/Bidrento_Logo-768x215.jpg 768w, https:\/\/weblockonline.com\/wp-content\/uploads\/2021\/07\/Bidrento_Logo-81x23.jpg 81w\" sizes=\"auto, (max-width: 1080px) 100vw, 1080px\" \/><\/a><\/div><\/div><div class=\"wpb_column hcode-column-container xs-no-padding xs-margin-0auto vc_col-sm-8 vc_col-xs-12\" data-front-class=\"xs-no-padding xs-margin-0auto\"><div class=\"vc-column-innner-wrapper\"><p>WebLock on liidestatud <strong>BidrentoPro<\/strong> pikaajalise rendi haldustarkvaraga. Pikaajaliselt renditavat kinnisvara on n\u00fc\u00fcd v\u00f5imalik hallata t\u00e4iesti kontaktivabalt. T\u00e4nu \u00fc\u00fcrikinnisvara haldustarkvara BidrentoPro ja pilvep\u00f5hise l\u00e4bip\u00e4\u00e4sulahenduse WebLock uuele liidesele saab \u00fc\u00fcrileandja juhtida k\u00f5iki protsesse \u00fcle interneti alates \u00fc\u00fcritava pinna n\u00e4itamisest kuni korteri \u00fcleandmiseni ning korraldada ka hooldust\u00f6id.<\/p>\n<\/div><\/div><\/div><\/div><\/section><section class=\"hcode-row-2 no-padding margin-four-bottom\"><div class=\"container\"><div class=\"row\"><div class=\"wpb_column hcode-column-container hcode-column-3 no-margin-left xs-margin-one-all vc_col-sm-4 vc_col-xs-12\" data-front-class=\"hcode-column-3 no-margin-left xs-margin-one-all\"><div class=\"vc-column-innner-wrapper\"><a href=\"https:\/\/moderansolutions.com\/\" target=\"_blank\"><img loading=\"lazy\" decoding=\"async\" width=\"1080\" height=\"343\" src=\"https:\/\/weblockonline.com\/wp-content\/uploads\/2023\/10\/Moderan_Integrations.png\" class=\"attachment-full size-full\" alt=\"\" srcset=\"https:\/\/weblockonline.com\/wp-content\/uploads\/2023\/10\/Moderan_Integrations.png 1080w, https:\/\/weblockonline.com\/wp-content\/uploads\/2023\/10\/Moderan_Integrations-300x95.png 300w, https:\/\/weblockonline.com\/wp-content\/uploads\/2023\/10\/Moderan_Integrations-1024x325.png 1024w, https:\/\/weblockonline.com\/wp-content\/uploads\/2023\/10\/Moderan_Integrations-768x244.png 768w, https:\/\/weblockonline.com\/wp-content\/uploads\/2023\/10\/Moderan_Integrations-81x26.png 81w\" sizes=\"auto, (max-width: 1080px) 100vw, 1080px\" \/><\/a><\/div><\/div><div class=\"wpb_column hcode-column-container xs-no-padding xs-margin-0auto vc_col-sm-8 vc_col-xs-12\" data-front-class=\"xs-no-padding xs-margin-0auto\"><div class=\"vc-column-innner-wrapper\"><p><strong>MODERAN<\/strong>'ga juhid oma \u00e4rikinnisvara portfelli efektiivsemalt ning sellega saab:<\/p>\n<ul>\n<li>\u00dclevaate kogu portfellist ja k\u00f5igist \u00fc\u00fcripindadest;<\/li>\n<li>K\u00f5ikeh\u00f5lmava ja paindliku rent-roll t\u00f6\u00f6riista;<\/li>\n<li>Automatiseeritud k\u00f5rvalkulude arvestuse ka k\u00f5ige keerulisemate k\u00f5rvalkulude tarbeks;<\/li>\n<li>Vajalikud meeldetuletused oluliste t\u00e4htaegade saabumise osas;<\/li>\n<li>Anal\u00fc\u00fctika ja raportid;<\/li>\n<li>Integratsioon raamatupidamisprogrammide ja muude s\u00fcsteemidega.<\/li>\n<\/ul>\n<p>Vajalik t\u00f6\u00f6riist k\u00f5ikidele \u00e4rikinnisvara omanikele, haldusettev\u00f5tetele ning halduritele.<\/p>\n<\/div><\/div><\/div><\/div><\/section>","protected":false},"excerpt":{"rendered":"<p>Liidestused \/ Pikaajaline rentWebLock on liidestatud BidrentoPro pikaajalise rendi haldustarkvaraga. Pikaajaliselt renditavat kinnisvara on n\u00fc\u00fcd v\u00f5imalik hallata t\u00e4iesti kontaktivabalt. T\u00e4nu \u00fc\u00fcrikinnisvara haldustarkvara BidrentoPro ja pilvep\u00f5hise l\u00e4bip\u00e4\u00e4sulahenduse WebLock uuele liidesele saab \u00fc\u00fcrileandja juhtida k\u00f5iki protsesse \u00fcle interneti alates \u00fc\u00fcritava pinna n\u00e4itamisest kuni korteri \u00fcleandmiseni ning korraldada ka hooldust\u00f6id. MODERAN&#8217;ga juhid oma \u00e4rikinnisvara portfelli efektiivsemalt ning sellega [&hellip;]<\/p>\n","protected":false},"author":2,"featured_media":0,"parent":20369,"menu_order":0,"comment_status":"closed","ping_status":"closed","template":"","meta":{"footnotes":""},"class_list":["post-20795","page","type-page","status-publish","hentry"],"yoast_head":"<!-- This site is optimized with the Yoast SEO plugin v27.2 - https:\/\/yoast.com\/product\/yoast-seo-wordpress\/ -->\n<title>Liidestused\/Pikaajaline rent - WebLock<\/title>\n<meta name=\"robots\" content=\"index, follow, max-snippet:-1, max-image-preview:large, max-video-preview:-1\" \/>\n<link rel=\"canonical\" href=\"https:\/\/weblockonline.com\/et\/liidestused\/liidestused-pikaajaline-rent\/\" \/>\n<meta property=\"og:locale\" content=\"et_EE\" \/>\n<meta property=\"og:type\" content=\"article\" \/>\n<meta property=\"og:title\" content=\"Liidestused\/Pikaajaline rent - WebLock\" \/>\n<meta property=\"og:description\" content=\"Liidestused \/ Pikaajaline rentWebLock on liidestatud BidrentoPro pikaajalise rendi haldustarkvaraga. Pikaajaliselt renditavat kinnisvara on n\u00fc\u00fcd v\u00f5imalik hallata t\u00e4iesti kontaktivabalt. T\u00e4nu \u00fc\u00fcrikinnisvara haldustarkvara BidrentoPro ja pilvep\u00f5hise l\u00e4bip\u00e4\u00e4sulahenduse WebLock uuele liidesele saab \u00fc\u00fcrileandja juhtida k\u00f5iki protsesse \u00fcle interneti alates \u00fc\u00fcritava pinna n\u00e4itamisest kuni korteri \u00fcleandmiseni ning korraldada ka hooldust\u00f6id. MODERAN&#039;ga juhid oma \u00e4rikinnisvara portfelli efektiivsemalt ning sellega [&hellip;]\" \/>\n<meta property=\"og:url\" content=\"https:\/\/weblockonline.com\/et\/liidestused\/liidestused-pikaajaline-rent\/\" \/>\n<meta property=\"og:site_name\" content=\"WebLock\" \/>\n<meta property=\"article:publisher\" content=\"https:\/\/www.facebook.com\/ValnesEstonia\" \/>\n<meta property=\"article:modified_time\" content=\"2025-07-10T08:23:34+00:00\" \/>\n<meta name=\"twitter:card\" content=\"summary_large_image\" \/>\n<meta name=\"twitter:label1\" content=\"Est. reading time\" \/>\n\t<meta name=\"twitter:data1\" content=\"2 minutit\" \/>\n<script type=\"application\/ld+json\" class=\"yoast-schema-graph\">{\"@context\":\"https:\/\/schema.org\",\"@graph\":[{\"@type\":\"WebPage\",\"@id\":\"https:\/\/weblockonline.com\/et\/liidestused\/liidestused-pikaajaline-rent\/\",\"url\":\"https:\/\/weblockonline.com\/et\/liidestused\/liidestused-pikaajaline-rent\/\",\"name\":\"Liidestused\/Pikaajaline rent - WebLock\",\"isPartOf\":{\"@id\":\"https:\/\/weblockonline.com\/et\/#website\"},\"datePublished\":\"2021-07-05T06:01:09+00:00\",\"dateModified\":\"2025-07-10T08:23:34+00:00\",\"breadcrumb\":{\"@id\":\"https:\/\/weblockonline.com\/et\/liidestused\/liidestused-pikaajaline-rent\/#breadcrumb\"},\"inLanguage\":\"et\",\"potentialAction\":[{\"@type\":\"ReadAction\",\"target\":[\"https:\/\/weblockonline.com\/et\/liidestused\/liidestused-pikaajaline-rent\/\"]}]},{\"@type\":\"BreadcrumbList\",\"@id\":\"https:\/\/weblockonline.com\/et\/liidestused\/liidestused-pikaajaline-rent\/#breadcrumb\",\"itemListElement\":[{\"@type\":\"ListItem\",\"position\":1,\"name\":\"Home\",\"item\":\"https:\/\/weblockonline.com\/et\/weblock\/\"},{\"@type\":\"ListItem\",\"position\":2,\"name\":\"Liidestused\",\"item\":\"https:\/\/weblockonline.com\/et\/integrations\/\"},{\"@type\":\"ListItem\",\"position\":3,\"name\":\"Liidestused\/Pikaajaline rent\"}]},{\"@type\":\"WebSite\",\"@id\":\"https:\/\/weblockonline.com\/et\/#website\",\"url\":\"https:\/\/weblockonline.com\/et\/\",\"name\":\"WebLock\",\"description\":\"Digital Key Solutions\",\"publisher\":{\"@id\":\"https:\/\/weblockonline.com\/et\/#organization\"},\"potentialAction\":[{\"@type\":\"SearchAction\",\"target\":{\"@type\":\"EntryPoint\",\"urlTemplate\":\"https:\/\/weblockonline.com\/et\/?s={search_term_string}\"},\"query-input\":{\"@type\":\"PropertyValueSpecification\",\"valueRequired\":true,\"valueName\":\"search_term_string\"}}],\"inLanguage\":\"et\"},{\"@type\":\"Organization\",\"@id\":\"https:\/\/weblockonline.com\/et\/#organization\",\"name\":\"WebLock\",\"url\":\"https:\/\/weblockonline.com\/et\/\",\"logo\":{\"@type\":\"ImageObject\",\"inLanguage\":\"et\",\"@id\":\"https:\/\/weblockonline.com\/et\/#\/schema\/logo\/image\/\",\"url\":\"https:\/\/weblockonline.com\/wp-content\/uploads\/2021\/04\/Weblock-logo.png\",\"contentUrl\":\"https:\/\/weblockonline.com\/wp-content\/uploads\/2021\/04\/Weblock-logo.png\",\"width\":1500,\"height\":327,\"caption\":\"WebLock\"},\"image\":{\"@id\":\"https:\/\/weblockonline.com\/et\/#\/schema\/logo\/image\/\"},\"sameAs\":[\"https:\/\/www.facebook.com\/ValnesEstonia\",\"https:\/\/www.instagram.com\/valnes_locks\/\",\"https:\/\/www.linkedin.com\/company\/valnesweblock\/\"]}]}<\/script>\n<!-- \/ Yoast SEO plugin. -->","yoast_head_json":{"title":"Liidestused\/Pikaajaline rent - WebLock","robots":{"index":"index","follow":"follow","max-snippet":"max-snippet:-1","max-image-preview":"max-image-preview:large","max-video-preview":"max-video-preview:-1"},"canonical":"https:\/\/weblockonline.com\/et\/liidestused\/liidestused-pikaajaline-rent\/","og_locale":"et_EE","og_type":"article","og_title":"Liidestused\/Pikaajaline rent - WebLock","og_description":"Liidestused \/ Pikaajaline rentWebLock on liidestatud BidrentoPro pikaajalise rendi haldustarkvaraga. Pikaajaliselt renditavat kinnisvara on n\u00fc\u00fcd v\u00f5imalik hallata t\u00e4iesti kontaktivabalt. T\u00e4nu \u00fc\u00fcrikinnisvara haldustarkvara BidrentoPro ja pilvep\u00f5hise l\u00e4bip\u00e4\u00e4sulahenduse WebLock uuele liidesele saab \u00fc\u00fcrileandja juhtida k\u00f5iki protsesse \u00fcle interneti alates \u00fc\u00fcritava pinna n\u00e4itamisest kuni korteri \u00fcleandmiseni ning korraldada ka hooldust\u00f6id. MODERAN'ga juhid oma \u00e4rikinnisvara portfelli efektiivsemalt ning sellega [&hellip;]","og_url":"https:\/\/weblockonline.com\/et\/liidestused\/liidestused-pikaajaline-rent\/","og_site_name":"WebLock","article_publisher":"https:\/\/www.facebook.com\/ValnesEstonia","article_modified_time":"2025-07-10T08:23:34+00:00","twitter_card":"summary_large_image","twitter_misc":{"Est. reading time":"2 minutit"},"schema":{"@context":"https:\/\/schema.org","@graph":[{"@type":"WebPage","@id":"https:\/\/weblockonline.com\/et\/liidestused\/liidestused-pikaajaline-rent\/","url":"https:\/\/weblockonline.com\/et\/liidestused\/liidestused-pikaajaline-rent\/","name":"Liidestused\/Pikaajaline rent - WebLock","isPartOf":{"@id":"https:\/\/weblockonline.com\/et\/#website"},"datePublished":"2021-07-05T06:01:09+00:00","dateModified":"2025-07-10T08:23:34+00:00","breadcrumb":{"@id":"https:\/\/weblockonline.com\/et\/liidestused\/liidestused-pikaajaline-rent\/#breadcrumb"},"inLanguage":"et","potentialAction":[{"@type":"ReadAction","target":["https:\/\/weblockonline.com\/et\/liidestused\/liidestused-pikaajaline-rent\/"]}]},{"@type":"BreadcrumbList","@id":"https:\/\/weblockonline.com\/et\/liidestused\/liidestused-pikaajaline-rent\/#breadcrumb","itemListElement":[{"@type":"ListItem","position":1,"name":"Home","item":"https:\/\/weblockonline.com\/et\/weblock\/"},{"@type":"ListItem","position":2,"name":"Liidestused","item":"https:\/\/weblockonline.com\/et\/integrations\/"},{"@type":"ListItem","position":3,"name":"Liidestused\/Pikaajaline rent"}]},{"@type":"WebSite","@id":"https:\/\/weblockonline.com\/et\/#website","url":"https:\/\/weblockonline.com\/et\/","name":"WebLock","description":"Digital Key Solutions","publisher":{"@id":"https:\/\/weblockonline.com\/et\/#organization"},"potentialAction":[{"@type":"SearchAction","target":{"@type":"EntryPoint","urlTemplate":"https:\/\/weblockonline.com\/et\/?s={search_term_string}"},"query-input":{"@type":"PropertyValueSpecification","valueRequired":true,"valueName":"search_term_string"}}],"inLanguage":"et"},{"@type":"Organization","@id":"https:\/\/weblockonline.com\/et\/#organization","name":"WebLock","url":"https:\/\/weblockonline.com\/et\/","logo":{"@type":"ImageObject","inLanguage":"et","@id":"https:\/\/weblockonline.com\/et\/#\/schema\/logo\/image\/","url":"https:\/\/weblockonline.com\/wp-content\/uploads\/2021\/04\/Weblock-logo.png","contentUrl":"https:\/\/weblockonline.com\/wp-content\/uploads\/2021\/04\/Weblock-logo.png","width":1500,"height":327,"caption":"WebLock"},"image":{"@id":"https:\/\/weblockonline.com\/et\/#\/schema\/logo\/image\/"},"sameAs":["https:\/\/www.facebook.com\/ValnesEstonia","https:\/\/www.instagram.com\/valnes_locks\/","https:\/\/www.linkedin.com\/company\/valnesweblock\/"]}]}},"_links":{"self":[{"href":"https:\/\/weblockonline.com\/et\/wp-json\/wp\/v2\/pages\/20795","targetHints":{"allow":["GET"]}}],"collection":[{"href":"https:\/\/weblockonline.com\/et\/wp-json\/wp\/v2\/pages"}],"about":[{"href":"https:\/\/weblockonline.com\/et\/wp-json\/wp\/v2\/types\/page"}],"author":[{"embeddable":true,"href":"https:\/\/weblockonline.com\/et\/wp-json\/wp\/v2\/users\/2"}],"replies":[{"embeddable":true,"href":"https:\/\/weblockonline.com\/et\/wp-json\/wp\/v2\/comments?post=20795"}],"version-history":[{"count":46,"href":"https:\/\/weblockonline.com\/et\/wp-json\/wp\/v2\/pages\/20795\/revisions"}],"predecessor-version":[{"id":22882,"href":"https:\/\/weblockonline.com\/et\/wp-json\/wp\/v2\/pages\/20795\/revisions\/22882"}],"up":[{"embeddable":true,"href":"https:\/\/weblockonline.com\/et\/wp-json\/wp\/v2\/pages\/20369"}],"wp:attachment":[{"href":"https:\/\/weblockonline.com\/et\/wp-json\/wp\/v2\/media?parent=20795"}],"curies":[{"name":"wp","href":"https:\/\/api.w.org\/{rel}","templated":true}]}}