{"id":22033,"date":"2023-12-11T22:05:19","date_gmt":"2023-12-11T20:05:19","guid":{"rendered":"https:\/\/weblockonline.com\/?page_id=22033"},"modified":"2025-07-10T11:23:37","modified_gmt":"2025-07-10T08:23:37","slug":"tule-partneriks","status":"publish","type":"page","link":"https:\/\/weblockonline.com\/et\/tule-partneriks\/","title":{"rendered":"Tule partneriks"},"content":{"rendered":"<section id=\"contact-us\"><div class=\"container\"><div class=\"row\"><div class=\"wpb_column hcode-column-container padding-right-twelve vc_col-sm-6 col-xs-mobile-fullwidth\" data-front-class=\"padding-right-twelve col-xs-mobile-fullwidth\"><div class=\"vc-column-innner-wrapper\"><h2 class=\"section-title no-padding-tb hcode-font-setting-69e736c07cef3\" style=\" color:#003063; font-weight:800;\">TULE PARTNERIKS<\/h2>[vc_empty_space height=\"20px\"]<p>WebLock on alati avatud lisama uusi ligip\u00e4\u00e4su- ja turvaeksperte oma partnerv\u00f5rgustikku<\/p>\n<p>Kui sa sooviksid saada meie edasim\u00fc\u00fcjaks, paigaldajaks v\u00f5i sooviksite meiega integreerida siis v\u00f5tab juba t\u00e4na \u00fchendust.<\/p>\n<p>Liitudes meie partnerv\u00f5rgustikuga...<\/p>\n<ul>\n<li>Mitmekesistad oma tootevalikud<\/li>\n<li>Suurendad kliendi rahulolu<\/li>\n<li>Suurendad oma k\u00e4ivet l\u00e4bi lisandunud v\u00e4\u00e4rtuspakkumise<\/li>\n<\/ul>\n[vc_empty_space height=\"20px\"]<p class=\"text-med text-uppercase letter-spacing-1 black-text font-weight-400\"><a href=\"mailto:sales@weblockonline.com\"><i class=\"icon-envelope footer-wrapper-small-icon black-text\"><\/i> sales@weblockonline.com<\/a><\/p>\n<\/div><\/div><div class=\"wpb_column hcode-column-container xs-padding-eight-top vc_col-sm-6 col-xs-mobile-fullwidth\" data-front-class=\"xs-padding-eight-top col-xs-mobile-fullwidth\"><div class=\"vc-column-innner-wrapper\"><p class=\"wpcf7-contact-form-not-found\"><strong>Error:<\/strong> Contact form not found.<\/p><\/div><\/div><\/div><\/div><\/section>","protected":false},"excerpt":{"rendered":"<p>TULE PARTNERIKS[vc_empty_space height=&#8221;20px&#8221;]WebLock on alati avatud lisama uusi ligip\u00e4\u00e4su- ja turvaeksperte oma partnerv\u00f5rgustikku Kui sa sooviksid saada meie edasim\u00fc\u00fcjaks, paigaldajaks v\u00f5i sooviksite meiega integreerida siis v\u00f5tab juba t\u00e4na \u00fchendust. Liitudes meie partnerv\u00f5rgustikuga&#8230; Mitmekesistad oma tootevalikud Suurendad kliendi rahulolu Suurendad oma k\u00e4ivet l\u00e4bi lisandunud v\u00e4\u00e4rtuspakkumise [vc_empty_space height=&#8221;20px&#8221;] sales@weblockonline.com Error: Contact form not found.<\/p>\n","protected":false},"author":7,"featured_media":0,"parent":0,"menu_order":0,"comment_status":"closed","ping_status":"closed","template":"","meta":{"footnotes":""},"class_list":["post-22033","page","type-page","status-publish","hentry"],"yoast_head":"<!-- This site is optimized with the Yoast SEO plugin v27.2 - https:\/\/yoast.com\/product\/yoast-seo-wordpress\/ -->\n<title>Tule partneriks - WebLock<\/title>\n<meta name=\"robots\" content=\"index, follow, max-snippet:-1, max-image-preview:large, max-video-preview:-1\" \/>\n<link rel=\"canonical\" href=\"https:\/\/weblockonline.com\/et\/tule-partneriks\/\" \/>\n<meta property=\"og:locale\" content=\"et_EE\" \/>\n<meta property=\"og:type\" content=\"article\" \/>\n<meta property=\"og:title\" content=\"Tule partneriks - WebLock\" \/>\n<meta property=\"og:description\" content=\"TULE PARTNERIKS[vc_empty_space height=&quot;20px&quot;]WebLock on alati avatud lisama uusi ligip\u00e4\u00e4su- ja turvaeksperte oma partnerv\u00f5rgustikku Kui sa sooviksid saada meie edasim\u00fc\u00fcjaks, paigaldajaks v\u00f5i sooviksite meiega integreerida siis v\u00f5tab juba t\u00e4na \u00fchendust. Liitudes meie partnerv\u00f5rgustikuga... Mitmekesistad oma tootevalikud Suurendad kliendi rahulolu Suurendad oma k\u00e4ivet l\u00e4bi lisandunud v\u00e4\u00e4rtuspakkumise [vc_empty_space height=&quot;20px&quot;] sales@weblockonline.com Error: Contact form not found.\" \/>\n<meta property=\"og:url\" content=\"https:\/\/weblockonline.com\/et\/tule-partneriks\/\" \/>\n<meta property=\"og:site_name\" content=\"WebLock\" \/>\n<meta property=\"article:publisher\" content=\"https:\/\/www.facebook.com\/ValnesEstonia\" \/>\n<meta property=\"article:modified_time\" content=\"2025-07-10T08:23:37+00:00\" \/>\n<meta name=\"twitter:card\" content=\"summary_large_image\" \/>\n<meta name=\"twitter:label1\" content=\"Est. reading time\" \/>\n\t<meta name=\"twitter:data1\" content=\"1 minut\" \/>\n<script type=\"application\/ld+json\" class=\"yoast-schema-graph\">{\"@context\":\"https:\/\/schema.org\",\"@graph\":[{\"@type\":\"WebPage\",\"@id\":\"https:\/\/weblockonline.com\/et\/tule-partneriks\/\",\"url\":\"https:\/\/weblockonline.com\/et\/tule-partneriks\/\",\"name\":\"Tule partneriks - WebLock\",\"isPartOf\":{\"@id\":\"https:\/\/weblockonline.com\/et\/#website\"},\"datePublished\":\"2023-12-11T20:05:19+00:00\",\"dateModified\":\"2025-07-10T08:23:37+00:00\",\"breadcrumb\":{\"@id\":\"https:\/\/weblockonline.com\/et\/tule-partneriks\/#breadcrumb\"},\"inLanguage\":\"et\",\"potentialAction\":[{\"@type\":\"ReadAction\",\"target\":[\"https:\/\/weblockonline.com\/et\/tule-partneriks\/\"]}]},{\"@type\":\"BreadcrumbList\",\"@id\":\"https:\/\/weblockonline.com\/et\/tule-partneriks\/#breadcrumb\",\"itemListElement\":[{\"@type\":\"ListItem\",\"position\":1,\"name\":\"Home\",\"item\":\"https:\/\/weblockonline.com\/et\/weblock\/\"},{\"@type\":\"ListItem\",\"position\":2,\"name\":\"Tule partneriks\"}]},{\"@type\":\"WebSite\",\"@id\":\"https:\/\/weblockonline.com\/et\/#website\",\"url\":\"https:\/\/weblockonline.com\/et\/\",\"name\":\"WebLock\",\"description\":\"Digital Key Solutions\",\"publisher\":{\"@id\":\"https:\/\/weblockonline.com\/et\/#organization\"},\"potentialAction\":[{\"@type\":\"SearchAction\",\"target\":{\"@type\":\"EntryPoint\",\"urlTemplate\":\"https:\/\/weblockonline.com\/et\/?s={search_term_string}\"},\"query-input\":{\"@type\":\"PropertyValueSpecification\",\"valueRequired\":true,\"valueName\":\"search_term_string\"}}],\"inLanguage\":\"et\"},{\"@type\":\"Organization\",\"@id\":\"https:\/\/weblockonline.com\/et\/#organization\",\"name\":\"WebLock\",\"url\":\"https:\/\/weblockonline.com\/et\/\",\"logo\":{\"@type\":\"ImageObject\",\"inLanguage\":\"et\",\"@id\":\"https:\/\/weblockonline.com\/et\/#\/schema\/logo\/image\/\",\"url\":\"https:\/\/weblockonline.com\/wp-content\/uploads\/2021\/04\/Weblock-logo.png\",\"contentUrl\":\"https:\/\/weblockonline.com\/wp-content\/uploads\/2021\/04\/Weblock-logo.png\",\"width\":1500,\"height\":327,\"caption\":\"WebLock\"},\"image\":{\"@id\":\"https:\/\/weblockonline.com\/et\/#\/schema\/logo\/image\/\"},\"sameAs\":[\"https:\/\/www.facebook.com\/ValnesEstonia\",\"https:\/\/www.instagram.com\/valnes_locks\/\",\"https:\/\/www.linkedin.com\/company\/valnesweblock\/\"]}]}<\/script>\n<!-- \/ Yoast SEO plugin. -->","yoast_head_json":{"title":"Tule partneriks - WebLock","robots":{"index":"index","follow":"follow","max-snippet":"max-snippet:-1","max-image-preview":"max-image-preview:large","max-video-preview":"max-video-preview:-1"},"canonical":"https:\/\/weblockonline.com\/et\/tule-partneriks\/","og_locale":"et_EE","og_type":"article","og_title":"Tule partneriks - WebLock","og_description":"TULE PARTNERIKS[vc_empty_space height=\"20px\"]WebLock on alati avatud lisama uusi ligip\u00e4\u00e4su- ja turvaeksperte oma partnerv\u00f5rgustikku Kui sa sooviksid saada meie edasim\u00fc\u00fcjaks, paigaldajaks v\u00f5i sooviksite meiega integreerida siis v\u00f5tab juba t\u00e4na \u00fchendust. Liitudes meie partnerv\u00f5rgustikuga... Mitmekesistad oma tootevalikud Suurendad kliendi rahulolu Suurendad oma k\u00e4ivet l\u00e4bi lisandunud v\u00e4\u00e4rtuspakkumise [vc_empty_space height=\"20px\"] sales@weblockonline.com Error: Contact form not found.","og_url":"https:\/\/weblockonline.com\/et\/tule-partneriks\/","og_site_name":"WebLock","article_publisher":"https:\/\/www.facebook.com\/ValnesEstonia","article_modified_time":"2025-07-10T08:23:37+00:00","twitter_card":"summary_large_image","twitter_misc":{"Est. reading time":"1 minut"},"schema":{"@context":"https:\/\/schema.org","@graph":[{"@type":"WebPage","@id":"https:\/\/weblockonline.com\/et\/tule-partneriks\/","url":"https:\/\/weblockonline.com\/et\/tule-partneriks\/","name":"Tule partneriks - WebLock","isPartOf":{"@id":"https:\/\/weblockonline.com\/et\/#website"},"datePublished":"2023-12-11T20:05:19+00:00","dateModified":"2025-07-10T08:23:37+00:00","breadcrumb":{"@id":"https:\/\/weblockonline.com\/et\/tule-partneriks\/#breadcrumb"},"inLanguage":"et","potentialAction":[{"@type":"ReadAction","target":["https:\/\/weblockonline.com\/et\/tule-partneriks\/"]}]},{"@type":"BreadcrumbList","@id":"https:\/\/weblockonline.com\/et\/tule-partneriks\/#breadcrumb","itemListElement":[{"@type":"ListItem","position":1,"name":"Home","item":"https:\/\/weblockonline.com\/et\/weblock\/"},{"@type":"ListItem","position":2,"name":"Tule partneriks"}]},{"@type":"WebSite","@id":"https:\/\/weblockonline.com\/et\/#website","url":"https:\/\/weblockonline.com\/et\/","name":"WebLock","description":"Digital Key Solutions","publisher":{"@id":"https:\/\/weblockonline.com\/et\/#organization"},"potentialAction":[{"@type":"SearchAction","target":{"@type":"EntryPoint","urlTemplate":"https:\/\/weblockonline.com\/et\/?s={search_term_string}"},"query-input":{"@type":"PropertyValueSpecification","valueRequired":true,"valueName":"search_term_string"}}],"inLanguage":"et"},{"@type":"Organization","@id":"https:\/\/weblockonline.com\/et\/#organization","name":"WebLock","url":"https:\/\/weblockonline.com\/et\/","logo":{"@type":"ImageObject","inLanguage":"et","@id":"https:\/\/weblockonline.com\/et\/#\/schema\/logo\/image\/","url":"https:\/\/weblockonline.com\/wp-content\/uploads\/2021\/04\/Weblock-logo.png","contentUrl":"https:\/\/weblockonline.com\/wp-content\/uploads\/2021\/04\/Weblock-logo.png","width":1500,"height":327,"caption":"WebLock"},"image":{"@id":"https:\/\/weblockonline.com\/et\/#\/schema\/logo\/image\/"},"sameAs":["https:\/\/www.facebook.com\/ValnesEstonia","https:\/\/www.instagram.com\/valnes_locks\/","https:\/\/www.linkedin.com\/company\/valnesweblock\/"]}]}},"_links":{"self":[{"href":"https:\/\/weblockonline.com\/et\/wp-json\/wp\/v2\/pages\/22033","targetHints":{"allow":["GET"]}}],"collection":[{"href":"https:\/\/weblockonline.com\/et\/wp-json\/wp\/v2\/pages"}],"about":[{"href":"https:\/\/weblockonline.com\/et\/wp-json\/wp\/v2\/types\/page"}],"author":[{"embeddable":true,"href":"https:\/\/weblockonline.com\/et\/wp-json\/wp\/v2\/users\/7"}],"replies":[{"embeddable":true,"href":"https:\/\/weblockonline.com\/et\/wp-json\/wp\/v2\/comments?post=22033"}],"version-history":[{"count":31,"href":"https:\/\/weblockonline.com\/et\/wp-json\/wp\/v2\/pages\/22033\/revisions"}],"predecessor-version":[{"id":22158,"href":"https:\/\/weblockonline.com\/et\/wp-json\/wp\/v2\/pages\/22033\/revisions\/22158"}],"wp:attachment":[{"href":"https:\/\/weblockonline.com\/et\/wp-json\/wp\/v2\/media?parent=22033"}],"curies":[{"name":"wp","href":"https:\/\/api.w.org\/{rel}","templated":true}]}}