{"id":24288,"date":"2025-05-06T11:52:01","date_gmt":"2025-05-06T08:52:01","guid":{"rendered":"https:\/\/weblockonline.com\/lahendus-spordirajatistele\/"},"modified":"2026-02-04T12:19:14","modified_gmt":"2026-02-04T10:19:14","slug":"lahendus-spordirajatistele","status":"publish","type":"page","link":"https:\/\/weblockonline.com\/et\/lahendus-spordirajatistele\/","title":{"rendered":"Lahendus spordirajatistele"},"content":{"rendered":"<section class=\"row-equal-height row-content-middle no-transition hcode-row-1 sm-no-padding xs-no-padding hcode-row-flex\"><div class=\"wpb_column hcode-column-container text-center sm-text-center xs-text-center hcode-column-1 xs-no-margin vc_col-sm-6 vc_col-xs-12\" data-front-class=\"text-center sm-text-center xs-text-center hcode-column-1 xs-no-margin\"><div class=\"vc-column-innner-wrapper\"><h3 class=\"section-title no-padding-bottom xs-no-padding hcode-font-setting-69e75fa15dc15\" style=\" color:#003063; font-size:14px;font-weight:900;\">WEBLOCK ONLINE - SPORDIASUTUSTELE<\/h3>[vc_empty_space height=\"30px\"]<h3 class=\"section-title no-padding-tb xs-no-padding hcode-font-setting-69e75fa15dc3b\" style=\" color:#008bd2; font-size:40px;font-weight:300;line-height:43px;\">Kaasaegne l\u00e4bip\u00e4\u00e4sulahendus spordirajatistele<\/h3>[vc_empty_space height=\"30px\"]<div class=\"hcode-inner-row\"><div class=\"wpb_column hcode-column-container hcode-column-2 vc_col-sm-12 vc_hidden-lg vc_hidden-md col-xs-mobile-fullwidth\" data-front-class=\"hcode-column-2 col-xs-mobile-fullwidth\"><div class=\"vc-column-innner-wrapper\">[vc_single_image image=\"23994\" img_size=\"full\" alignment=\"center\" css=\"\"]<\/div><\/div><\/div><div class=\"hcode-text-1\"><p><span style=\"font-weight: 400;\">WebLocki pilvep\u00f5hine l\u00e4bip\u00e4\u00e4sus\u00fcsteem tagab turvalise, automatiseeritud ja mugava ligip\u00e4\u00e4su spordiklubi k\u00fclastajatele, liikmetele ja ka t\u00f6\u00f6tajatele. T\u00e4isautomaatne - hallatav distantsilt, ilma kohapealse administraatorita. <\/span><\/p>\n<\/div>[vc_empty_space height=\"10px\"]<a  href=\"https:\/\/weblockonline.com\/et\/kusi-pakkumist\/\" target=\"_self\"  class=\"inner-link button btn  hcode-button-1 highlight-button-dark btn-round btn-small\">K\u00fcsi pakkumist<\/a><\/div><\/div><div class=\"wpb_column hcode-column-container no-padding-right vc_col-sm-6 vc_hidden-sm vc_hidden-xs col-xs-mobile-fullwidth\" data-front-class=\"no-padding-right col-xs-mobile-fullwidth\"><div class=\"vc-column-innner-wrapper\">[vc_single_image image=\"23994\" img_size=\"full\" alignment=\"right\" css=\"\"]<\/div><\/div><\/section><section class=\"row-equal-height row-content-middle hcode-row-2\" style=\"background-color:#f4f4f4;\"><div class=\"container\"><div class=\"row hcode-row-flex\"><div class=\"wpb_column hcode-column-container vc_col-sm-12 col-xs-mobile-fullwidth\" data-front-class=\"col-xs-mobile-fullwidth\"><div class=\"vc-column-innner-wrapper\"><h2 class=\"section-title no-padding hcode-font-setting-69e75fa15dd65\" style=\" color:#003063; font-weight:800;\">Integreeritud populaarsete broneerimis- ja halduss\u00fcsteemidega.<\/h2><div class=\"hcode-inner-row no-padding sm-no-padding xs-no-padding\"><div class=\"wpb_column hcode-column-container text-center sm-text-center xs-text-center vc_col-sm-3 col-xs-mobile-fullwidth\" data-front-class=\"text-center sm-text-center xs-text-center col-xs-mobile-fullwidth\"><div class=\"vc-column-innner-wrapper\">[vc_empty_space height=\"40px\"]<a href=\"https:\/\/sporty.plus\" target=\"_blank\"><img loading=\"lazy\" decoding=\"async\" width=\"1080\" height=\"600\" src=\"https:\/\/weblockonline.com\/wp-content\/uploads\/2025\/05\/sportyplus_logo_1080x600px.png\" class=\"attachment-full size-full\" alt=\"\" srcset=\"https:\/\/weblockonline.com\/wp-content\/uploads\/2025\/05\/sportyplus_logo_1080x600px.png 1080w, https:\/\/weblockonline.com\/wp-content\/uploads\/2025\/05\/sportyplus_logo_1080x600px-300x167.png 300w, https:\/\/weblockonline.com\/wp-content\/uploads\/2025\/05\/sportyplus_logo_1080x600px-1024x569.png 1024w, https:\/\/weblockonline.com\/wp-content\/uploads\/2025\/05\/sportyplus_logo_1080x600px-768x427.png 768w, https:\/\/weblockonline.com\/wp-content\/uploads\/2025\/05\/sportyplus_logo_1080x600px-81x45.png 81w\" sizes=\"auto, (max-width: 1080px) 100vw, 1080px\" \/><\/a><\/div><\/div><div class=\"wpb_column hcode-column-container text-center sm-text-center xs-text-center vc_col-sm-3 col-xs-mobile-fullwidth\" data-front-class=\"text-center sm-text-center xs-text-center col-xs-mobile-fullwidth\"><div class=\"vc-column-innner-wrapper\">[vc_empty_space height=\"40px\"]<a href=\"https:\/\/www.hopitude.com\/et\/home\/\" target=\"_blank\"><img loading=\"lazy\" decoding=\"async\" width=\"1080\" height=\"600\" src=\"https:\/\/weblockonline.com\/wp-content\/uploads\/2025\/05\/hopitude_logo_1080x600px.png\" class=\"attachment-full size-full\" alt=\"\" srcset=\"https:\/\/weblockonline.com\/wp-content\/uploads\/2025\/05\/hopitude_logo_1080x600px.png 1080w, https:\/\/weblockonline.com\/wp-content\/uploads\/2025\/05\/hopitude_logo_1080x600px-300x167.png 300w, https:\/\/weblockonline.com\/wp-content\/uploads\/2025\/05\/hopitude_logo_1080x600px-1024x569.png 1024w, https:\/\/weblockonline.com\/wp-content\/uploads\/2025\/05\/hopitude_logo_1080x600px-768x427.png 768w, https:\/\/weblockonline.com\/wp-content\/uploads\/2025\/05\/hopitude_logo_1080x600px-81x45.png 81w\" sizes=\"auto, (max-width: 1080px) 100vw, 1080px\" \/><\/a><\/div><\/div><div class=\"wpb_column hcode-column-container text-center sm-text-center xs-text-center vc_col-sm-3 col-xs-mobile-fullwidth\" data-front-class=\"text-center sm-text-center xs-text-center col-xs-mobile-fullwidth\"><div class=\"vc-column-innner-wrapper\">[vc_empty_space height=\"40px\"]<a href=\"https:\/\/www.booklux.com\/en\" target=\"_blank\"><img loading=\"lazy\" decoding=\"async\" width=\"1080\" height=\"600\" src=\"https:\/\/weblockonline.com\/wp-content\/uploads\/2025\/05\/booklux_logo_1080x600px.png\" class=\"attachment-full size-full\" alt=\"\" srcset=\"https:\/\/weblockonline.com\/wp-content\/uploads\/2025\/05\/booklux_logo_1080x600px.png 1080w, https:\/\/weblockonline.com\/wp-content\/uploads\/2025\/05\/booklux_logo_1080x600px-300x167.png 300w, https:\/\/weblockonline.com\/wp-content\/uploads\/2025\/05\/booklux_logo_1080x600px-1024x569.png 1024w, https:\/\/weblockonline.com\/wp-content\/uploads\/2025\/05\/booklux_logo_1080x600px-768x427.png 768w, https:\/\/weblockonline.com\/wp-content\/uploads\/2025\/05\/booklux_logo_1080x600px-81x45.png 81w\" sizes=\"auto, (max-width: 1080px) 100vw, 1080px\" \/><\/a><\/div><\/div><div class=\"wpb_column hcode-column-container vc_col-sm-3 col-xs-mobile-fullwidth\" data-front-class=\"col-xs-mobile-fullwidth\"><div class=\"vc-column-innner-wrapper\">[vc_empty_space height=\"40px\"]<a href=\"https:\/\/mygames.io\/et\" target=\"_blank\"><img loading=\"lazy\" decoding=\"async\" width=\"1080\" height=\"600\" src=\"https:\/\/weblockonline.com\/wp-content\/uploads\/2025\/05\/mygames_logo_1080x600px.png\" class=\"attachment-full size-full\" alt=\"\" srcset=\"https:\/\/weblockonline.com\/wp-content\/uploads\/2025\/05\/mygames_logo_1080x600px.png 1080w, https:\/\/weblockonline.com\/wp-content\/uploads\/2025\/05\/mygames_logo_1080x600px-300x167.png 300w, https:\/\/weblockonline.com\/wp-content\/uploads\/2025\/05\/mygames_logo_1080x600px-1024x569.png 1024w, https:\/\/weblockonline.com\/wp-content\/uploads\/2025\/05\/mygames_logo_1080x600px-768x427.png 768w, https:\/\/weblockonline.com\/wp-content\/uploads\/2025\/05\/mygames_logo_1080x600px-81x45.png 81w\" sizes=\"auto, (max-width: 1080px) 100vw, 1080px\" \/><\/a><\/div><\/div><\/div><\/div><\/div><\/div><\/div><\/section><section class=\"row-equal-height row-content-top hcode-row-3\"><div class=\"container\"><div class=\"row hcode-row-flex\"><div class=\"wpb_column hcode-column-container  vc_custom_1625208349336 xs-padding-six-top vc_col-sm-6 col-xs-mobile-fullwidth\" data-front-class=\" vc_custom_1625208349336 xs-padding-six-top col-xs-mobile-fullwidth\"><div class=\"vc-column-innner-wrapper\"><a href=\"https:\/\/weblockonline.com\/weblock-shield\/\"><img loading=\"lazy\" decoding=\"async\" width=\"1280\" height=\"720\" src=\"https:\/\/weblockonline.com\/wp-content\/uploads\/2025\/03\/WebLock-Sport-Facilities-1920-x-1080-px-e1743099928764.png\" class=\"\" alt=\"WebLock at P\u00e4rnu Tennis Court\" \/><\/a><\/div><\/div><div class=\"wpb_column hcode-column-container vc_col-sm-6 col-xs-mobile-fullwidth\" data-front-class=\"col-xs-mobile-fullwidth\"><div class=\"vc-column-innner-wrapper\"><h2 class=\"section-title hcode-heading-1 hcode-font-setting-69e75fa15e6d4\" style=\" color:#003063; font-weight:800;\">Miks on WebLock parim valik spordiasutusele?<\/h2>[vc_empty_space height=\"20px\"]<div class=\"padding-two-top\"><ul>\n<li><span style=\"font-weight: 400;\"><strong>Administraatorit pole kohapeale vaja <\/strong>\u2013 ligip\u00e4\u00e4s ilma v\u00f5tmekaartideta.<\/span><\/li>\n<\/ul>\n<\/div><div class=\"padding-two-top\"><ul>\n<li><strong>V\u00e4iksemad p\u00fcsikulud<\/strong>\u2013 m\u00e4rkimisv\u00e4\u00e4rne kokkuhoid palga- ja kommunaalkuludelt.<\/li>\n<\/ul>\n<\/div><div class=\"padding-two-top\"><ul>\n<li><strong>Pikem klubi lahtiolekuaeg<\/strong> \u2013 administraatoritta klubi on lihtsam avatuna hoida nii varahommikul kui hilis\u00f5htul v\u00f5i koguni peale s\u00fcda\u00f6\u00f6d.<\/li>\n<\/ul>\n<\/div><div class=\"padding-two-top\"><ul>\n<li><strong>Rahulolevamad kliendid<\/strong> \u2013 sujuv ligip\u00e4\u00e4s ja broneerimine teevad elu lihtsamaks.<\/li>\n<\/ul>\n<\/div>[vc_empty_space height=\"10px\"][vc_empty_space height=\"10px\"]<a  href=\"https:\/\/weblockonline.com\/et\/kusi-pakkumist\/\" target=\"_self\"  class=\"inner-link button btn margin-left-six sm-margin-two-all  hcode-button-2 highlight-button-dark btn-round btn-small\">SOOVIN LISAINFOT<\/a><\/div><\/div><\/div><\/div><\/section><section class=\"row-equal-height row-content-top hcode-row-4\"><div class=\"container\"><div class=\"row hcode-row-flex\"><div class=\"wpb_column hcode-column-container vc_col-sm-6 col-xs-mobile-fullwidth\" data-front-class=\"col-xs-mobile-fullwidth\"><div class=\"vc-column-innner-wrapper\"><h2 class=\"section-title hcode-heading-2 hcode-font-setting-69e75fa15e7a7\" style=\" color:#003063; font-weight:800;\">WebLocki ja broneerimiss\u00fcsteemi kooskasutamise eelised<\/h2><div class=\"padding-two-top\"><ul>\n<li><strong>Broneeringup\u00f5hised \u00f5igused<\/strong> \u2013 l\u00e4bip\u00e4\u00e4s ainult broneeringu kestel<\/li>\n<\/ul>\n<\/div><div class=\"padding-two-top\"><ul>\n<li><strong data-start=\"195\" data-end=\"224\">Perioodip\u00f5hised \u00f5igused <\/strong>- l\u00e4bip\u00e4\u00e4s m\u00e4\u00e4ratud perioodi v\u00e4ltel (nt kuuks ajaks)<\/li>\n<\/ul>\n<\/div><div class=\"padding-two-top\"><ul>\n<li><strong data-start=\"283\" data-end=\"316\">Korrakaardid<\/strong> \u2013 ligip\u00e4\u00e4s \u00fcheks v\u00f5i mitmeks korraks<\/li>\n<\/ul>\n<\/div><div class=\"padding-two-top\"><ul>\n<li><strong data-start=\"349\" data-end=\"405\">Automaatne valgustus, jahutus, saunad<\/strong> - aktiveeritakse broneeringute p\u00f5hiselt<\/li>\n<\/ul>\n<\/div>[vc_empty_space height=\"10px\"][vc_empty_space height=\"10px\"]<a  href=\"https:\/\/weblockonline.com\/et\/kusi-pakkumist\/\" target=\"_self\"  class=\"inner-link button btn margin-left-six sm-margin-two-all  hcode-button-3 highlight-button-dark btn-round btn-small\">SOOVIN LISAINFOT<\/a><\/div><\/div><div class=\"wpb_column hcode-column-container  vc_custom_1625208349336 xs-padding-six-top vc_col-sm-6 col-xs-mobile-fullwidth\" data-front-class=\" vc_custom_1625208349336 xs-padding-six-top col-xs-mobile-fullwidth\"><div class=\"vc-column-innner-wrapper\"><a href=\"https:\/\/weblockonline.com\/weblock-shield\/\"><img loading=\"lazy\" decoding=\"async\" width=\"1080\" height=\"721\" src=\"https:\/\/weblockonline.com\/wp-content\/uploads\/2025\/05\/WebLock-Kiili.png\" class=\"\" alt=\"WebLock for Sport Facilities - app preview\" srcset=\"https:\/\/weblockonline.com\/wp-content\/uploads\/2025\/05\/WebLock-Kiili.png 1080w, https:\/\/weblockonline.com\/wp-content\/uploads\/2025\/05\/WebLock-Kiili-300x200.png 300w, https:\/\/weblockonline.com\/wp-content\/uploads\/2025\/05\/WebLock-Kiili-1024x684.png 1024w, https:\/\/weblockonline.com\/wp-content\/uploads\/2025\/05\/WebLock-Kiili-768x513.png 768w, https:\/\/weblockonline.com\/wp-content\/uploads\/2025\/05\/WebLock-Kiili-81x54.png 81w\" sizes=\"auto, (max-width: 1080px) 100vw, 1080px\" \/><\/a><\/div><\/div><\/div><\/div><\/section><section class=\"no-padding\"><div class=\"container\"><div class=\"row\"><div class=\"wpb_column hcode-column-container vc_col-sm-12 col-xs-mobile-fullwidth\" data-front-class=\"col-xs-mobile-fullwidth\"><div class=\"vc-column-innner-wrapper\"><h2 class=\"section-title padding-four-bottom hcode-font-setting-69e75fa15e9af\" style=\" color:#003063; font-weight:800;\">Broneeringust k\u00fclastuseni - kliendi teekond<\/h2><\/div><\/div><\/div><\/div><\/section><section class=\"row-equal-height row-content-top hcode-row-5\"><div class=\"container\"><div class=\"row hcode-row-flex\"><div class=\"wpb_column hcode-column-container text-center sm-text-center xs-text-center vc_col-sm-4 col-xs-mobile-fullwidth\" data-front-class=\"text-center sm-text-center xs-text-center col-xs-mobile-fullwidth\"><div class=\"vc-column-innner-wrapper\">[vc_single_image image=\"24252\" img_size=\"full\" alignment=\"center\" css=\"\"]<h3 class=\"section-title padding-four-bottom hcode-font-setting-69e75fa15ea22\" style=\" color:#003063; font-weight:800;\">Broneeringu tegemine v\u00f5i korrakaardi ostmine<\/h3><div class=\"hcode-text-2\"><p>Klubi liige v\u00f5i k\u00fclaline broneerib v\u00e4ljaku v\u00f5i ostab p\u00e4\u00e4sme.<\/p>\n<\/div><\/div><\/div><div class=\"wpb_column hcode-column-container text-center sm-text-center xs-text-center vc_col-sm-4 col-xs-mobile-fullwidth\" data-front-class=\"text-center sm-text-center xs-text-center col-xs-mobile-fullwidth\"><div class=\"vc-column-innner-wrapper\">[vc_single_image image=\"24254\" img_size=\"full\" alignment=\"center\" css=\"\"]<h3 class=\"section-title padding-four-bottom hcode-font-setting-69e75fa15ea6d\" style=\" color:#003063; font-weight:800;\">Kohene kood sisenemiseks<\/h3><div class=\"hcode-text-3\"><p>Niipea kui broneering v\u00f5i ost on kinnitatud, saab kasutaja unikaalse l\u00e4bip\u00e4\u00e4sukood.<\/p>\n<\/div><\/div><\/div><div class=\"wpb_column hcode-column-container text-center sm-text-center xs-text-center vc_col-sm-4 col-xs-mobile-fullwidth\" data-front-class=\"text-center sm-text-center xs-text-center col-xs-mobile-fullwidth\"><div class=\"vc-column-innner-wrapper\">[vc_single_image image=\"24256\" img_size=\"large\" alignment=\"center\" css=\"\"]<h3 class=\"section-title padding-four-bottom hcode-font-setting-69e75fa15eac1\" style=\" color:#003063; font-weight:800;\">Sisenemine spordirajatisse<\/h3><div class=\"hcode-text-4\"><p>Kasutaja sisestab uksest sisenemiseks<br \/>\nturvaliselt koodi.<\/p>\n<\/div><\/div><\/div><\/div><\/div><\/section><section class=\"no-padding-top sm-no-padding-top xs-no-padding-top\"><div class=\"container\"><div class=\"row\"><div class=\"wpb_column hcode-column-container text-center sm-text-center xs-text-center vc_col-sm-12 col-xs-mobile-fullwidth\" data-front-class=\"text-center sm-text-center xs-text-center col-xs-mobile-fullwidth\"><div class=\"vc-column-innner-wrapper\"><h2 class=\"section-title padding-four-bottom hcode-font-setting-69e75fa15eba9\" style=\" color:#003063; font-weight:800;\">VIIMATI TEOSTATUD T\u00d6\u00d6D<\/h2>[vc_empty_space height=\"30px\"]<div  class=\"work-4col gutter work-with-title \"><div class=\"col-md-12  grid-gallery overflow-hidden  content-section\"><div class=\"tab-content portfolio-infinite-scroll-pagination\"><ul class=\"grid masonry-items masonry-portfolio-grid   hcode-portfolio-1\" data-portfolio=\"\" data-uniqueid=\"hcode-portfolio-1\"><li class=\"portfolio-filter-118 \"><figure><div class=\"gallery-img\"><a href=\"https:\/\/weblockonline.com\/et\/portfolio\/sillaotsa-spordikeskus-ja-jousaal\/\"><img loading=\"lazy\" decoding=\"async\" width=\"1250\" height=\"833\" src=\"https:\/\/weblockonline.com\/wp-content\/uploads\/2025\/07\/sillaotsa.jpg\" class=\"hcode-portfolio-img wp-post-image\" alt=\"\" srcset=\"https:\/\/weblockonline.com\/wp-content\/uploads\/2025\/07\/sillaotsa.jpg 1250w, https:\/\/weblockonline.com\/wp-content\/uploads\/2025\/07\/sillaotsa-300x200.jpg 300w, https:\/\/weblockonline.com\/wp-content\/uploads\/2025\/07\/sillaotsa-1024x682.jpg 1024w, https:\/\/weblockonline.com\/wp-content\/uploads\/2025\/07\/sillaotsa-768x512.jpg 768w, https:\/\/weblockonline.com\/wp-content\/uploads\/2025\/07\/sillaotsa-81x54.jpg 81w\" sizes=\"auto, (max-width: 1250px) 100vw, 1250px\" \/><\/a><\/div><figcaption><h3 class=\"\"><a href=\"https:\/\/weblockonline.com\/et\/portfolio\/sillaotsa-spordikeskus-ja-jousaal\/\" style=\"color:#003063 !important;\">Sillaotsa Spordikeskus ja j\u00f5usaal<\/a><\/h3><p class=\"\" style=\"color:#000000 !important;\">SPORDIRAJATISED<\/p><\/figcaption><\/figure><\/li><li class=\"portfolio-filter-118 \"><figure><div class=\"gallery-img\"><a href=\"\" class=\"\"><img loading=\"lazy\" decoding=\"async\" width=\"625\" height=\"800\" src=\"https:\/\/weblockonline.com\/wp-content\/uploads\/2025\/06\/Rahvaaia-Tennisevaljakud-1-625x800-1-e1749477003802.png\" class=\"hcode-portfolio-img wp-post-image\" alt=\"Rakvere Rahvaaia tennis courts\" \/><\/a><\/div><figcaption><h3 class=\"\"><a href=\"\" class=\"\" style=\"color:#003063 !important;\">Rakvere Rahvaaia Tennis<\/a><\/h3><p class=\"\" style=\"color:#000000 !important;\">SPORDIRAJATISED<\/p><\/figcaption><\/figure><\/li><li class=\"portfolio-filter-118 \"><figure><div class=\"gallery-img\"><a href=\"\" class=\"\"><img loading=\"lazy\" decoding=\"async\" width=\"1242\" height=\"1549\" src=\"https:\/\/weblockonline.com\/wp-content\/uploads\/2025\/06\/IMG_6349-e1749472586814.jpg\" class=\"hcode-portfolio-img wp-post-image\" alt=\"Sauga Tennisehall\" \/><\/a><\/div><figcaption><h3 class=\"\"><a href=\"\" class=\"\" style=\"color:#003063 !important;\">Sauga Tennisehall<\/a><\/h3><p class=\"\" style=\"color:#000000 !important;\">SPORDIRAJATISED<\/p><\/figcaption><\/figure><\/li><li class=\"portfolio-filter-118 \"><figure><div class=\"gallery-img\"><a href=\"\" class=\"\"><img loading=\"lazy\" decoding=\"async\" width=\"2560\" height=\"1619\" src=\"https:\/\/weblockonline.com\/wp-content\/uploads\/2025\/06\/Laagri-Tennis-e1749471480894.jpg\" class=\"hcode-portfolio-img wp-post-image\" alt=\"Laagri Tennisekeskus\" \/><\/a><\/div><figcaption><h3 class=\"\"><a href=\"\" class=\"\" style=\"color:#003063 !important;\">Laagri Tennisekeskus<\/a><\/h3><p class=\"\" style=\"color:#000000 !important;\">SPORDIRAJATISED<\/p><\/figcaption><\/figure><\/li><\/ul><\/div><\/div><\/div>[vc_empty_space height=\"30px\"]<a  href=\"https:\/\/weblockonline.com\/et\/test\/\" target=\"_self\"  class=\"inner-link button btn  hcode-button-4 highlight-button-dark btn-round btn-small\">TUTVU TEISTE WEBLOCKI KASUTAVATE SPORDIRAJATISTEGA<\/a><\/div><\/div><\/div><\/div><\/section><section class=\"hcode-row-6\" style=\"background-color:#F4F4F4;\"><div class=\"container\"><div class=\"row\"><div class=\"wpb_column hcode-column-container vc_col-sm-12 col-xs-mobile-fullwidth\" data-front-class=\"col-xs-mobile-fullwidth\"><div class=\"vc-column-innner-wrapper\"><blockquote class=\" blog-image\"><p class=\"\"><span style=\"color: #003063;\">Usun, et j\u00e4rgmine p\u00f5lvkond ei oska enam ette kujutada, et padeli- ja tennisekeskuses v\u00f5i spordiklubis oleks vastuv\u00f5tulaud koos t\u00f6\u00f6tajatega. N\u00e4eme t\u00e4na suurt huvi t\u00e4ielikult automatiseeritud padeli- ja tennisekeskuste vastu \u2014 ja see on m\u00f5istetav.<\/span>\r\n<h6><span style=\"color: #003063;\"><strong>Taavi Krusell\r\n<\/strong>WebLock Online tegevjuht<\/span><\/h6>\r\n<\/p><\/blockquote><\/div><\/div><\/div><\/div><\/section>","protected":false},"excerpt":{"rendered":"","protected":false},"author":2,"featured_media":0,"parent":0,"menu_order":0,"comment_status":"closed","ping_status":"closed","template":"","meta":{"footnotes":""},"class_list":["post-24288","page","type-page","status-publish","hentry"],"yoast_head":"<!-- This site is optimized with the Yoast SEO plugin v27.2 - https:\/\/yoast.com\/product\/yoast-seo-wordpress\/ -->\n<title>Lahendus spordirajatistele - WebLock<\/title>\n<meta name=\"robots\" content=\"index, follow, max-snippet:-1, max-image-preview:large, max-video-preview:-1\" \/>\n<link rel=\"canonical\" href=\"https:\/\/weblockonline.com\/et\/lahendus-spordirajatistele\/\" \/>\n<meta property=\"og:locale\" content=\"et_EE\" \/>\n<meta property=\"og:type\" content=\"article\" \/>\n<meta property=\"og:title\" content=\"Lahendus spordirajatistele - WebLock\" \/>\n<meta property=\"og:url\" content=\"https:\/\/weblockonline.com\/et\/lahendus-spordirajatistele\/\" \/>\n<meta property=\"og:site_name\" content=\"WebLock\" \/>\n<meta property=\"article:publisher\" content=\"https:\/\/www.facebook.com\/ValnesEstonia\" \/>\n<meta property=\"article:modified_time\" content=\"2026-02-04T10:19:14+00:00\" \/>\n<meta name=\"twitter:card\" content=\"summary_large_image\" \/>\n<meta name=\"twitter:label1\" content=\"Est. reading time\" \/>\n\t<meta name=\"twitter:data1\" content=\"10 minutit\" \/>\n<script type=\"application\/ld+json\" class=\"yoast-schema-graph\">{\"@context\":\"https:\/\/schema.org\",\"@graph\":[{\"@type\":\"WebPage\",\"@id\":\"https:\/\/weblockonline.com\/et\/lahendus-spordirajatistele\/\",\"url\":\"https:\/\/weblockonline.com\/et\/lahendus-spordirajatistele\/\",\"name\":\"Lahendus spordirajatistele - WebLock\",\"isPartOf\":{\"@id\":\"https:\/\/weblockonline.com\/et\/#website\"},\"datePublished\":\"2025-05-06T08:52:01+00:00\",\"dateModified\":\"2026-02-04T10:19:14+00:00\",\"breadcrumb\":{\"@id\":\"https:\/\/weblockonline.com\/et\/lahendus-spordirajatistele\/#breadcrumb\"},\"inLanguage\":\"et\",\"potentialAction\":[{\"@type\":\"ReadAction\",\"target\":[\"https:\/\/weblockonline.com\/et\/lahendus-spordirajatistele\/\"]}]},{\"@type\":\"BreadcrumbList\",\"@id\":\"https:\/\/weblockonline.com\/et\/lahendus-spordirajatistele\/#breadcrumb\",\"itemListElement\":[{\"@type\":\"ListItem\",\"position\":1,\"name\":\"Home\",\"item\":\"https:\/\/weblockonline.com\/et\/weblock\/\"},{\"@type\":\"ListItem\",\"position\":2,\"name\":\"Lahendus spordirajatistele\"}]},{\"@type\":\"WebSite\",\"@id\":\"https:\/\/weblockonline.com\/et\/#website\",\"url\":\"https:\/\/weblockonline.com\/et\/\",\"name\":\"WebLock\",\"description\":\"Digital Key Solutions\",\"publisher\":{\"@id\":\"https:\/\/weblockonline.com\/et\/#organization\"},\"potentialAction\":[{\"@type\":\"SearchAction\",\"target\":{\"@type\":\"EntryPoint\",\"urlTemplate\":\"https:\/\/weblockonline.com\/et\/?s={search_term_string}\"},\"query-input\":{\"@type\":\"PropertyValueSpecification\",\"valueRequired\":true,\"valueName\":\"search_term_string\"}}],\"inLanguage\":\"et\"},{\"@type\":\"Organization\",\"@id\":\"https:\/\/weblockonline.com\/et\/#organization\",\"name\":\"WebLock\",\"url\":\"https:\/\/weblockonline.com\/et\/\",\"logo\":{\"@type\":\"ImageObject\",\"inLanguage\":\"et\",\"@id\":\"https:\/\/weblockonline.com\/et\/#\/schema\/logo\/image\/\",\"url\":\"https:\/\/weblockonline.com\/wp-content\/uploads\/2021\/04\/Weblock-logo.png\",\"contentUrl\":\"https:\/\/weblockonline.com\/wp-content\/uploads\/2021\/04\/Weblock-logo.png\",\"width\":1500,\"height\":327,\"caption\":\"WebLock\"},\"image\":{\"@id\":\"https:\/\/weblockonline.com\/et\/#\/schema\/logo\/image\/\"},\"sameAs\":[\"https:\/\/www.facebook.com\/ValnesEstonia\",\"https:\/\/www.instagram.com\/valnes_locks\/\",\"https:\/\/www.linkedin.com\/company\/valnesweblock\/\"]}]}<\/script>\n<!-- \/ Yoast SEO plugin. -->","yoast_head_json":{"title":"Lahendus spordirajatistele - WebLock","robots":{"index":"index","follow":"follow","max-snippet":"max-snippet:-1","max-image-preview":"max-image-preview:large","max-video-preview":"max-video-preview:-1"},"canonical":"https:\/\/weblockonline.com\/et\/lahendus-spordirajatistele\/","og_locale":"et_EE","og_type":"article","og_title":"Lahendus spordirajatistele - WebLock","og_url":"https:\/\/weblockonline.com\/et\/lahendus-spordirajatistele\/","og_site_name":"WebLock","article_publisher":"https:\/\/www.facebook.com\/ValnesEstonia","article_modified_time":"2026-02-04T10:19:14+00:00","twitter_card":"summary_large_image","twitter_misc":{"Est. reading time":"10 minutit"},"schema":{"@context":"https:\/\/schema.org","@graph":[{"@type":"WebPage","@id":"https:\/\/weblockonline.com\/et\/lahendus-spordirajatistele\/","url":"https:\/\/weblockonline.com\/et\/lahendus-spordirajatistele\/","name":"Lahendus spordirajatistele - WebLock","isPartOf":{"@id":"https:\/\/weblockonline.com\/et\/#website"},"datePublished":"2025-05-06T08:52:01+00:00","dateModified":"2026-02-04T10:19:14+00:00","breadcrumb":{"@id":"https:\/\/weblockonline.com\/et\/lahendus-spordirajatistele\/#breadcrumb"},"inLanguage":"et","potentialAction":[{"@type":"ReadAction","target":["https:\/\/weblockonline.com\/et\/lahendus-spordirajatistele\/"]}]},{"@type":"BreadcrumbList","@id":"https:\/\/weblockonline.com\/et\/lahendus-spordirajatistele\/#breadcrumb","itemListElement":[{"@type":"ListItem","position":1,"name":"Home","item":"https:\/\/weblockonline.com\/et\/weblock\/"},{"@type":"ListItem","position":2,"name":"Lahendus spordirajatistele"}]},{"@type":"WebSite","@id":"https:\/\/weblockonline.com\/et\/#website","url":"https:\/\/weblockonline.com\/et\/","name":"WebLock","description":"Digital Key Solutions","publisher":{"@id":"https:\/\/weblockonline.com\/et\/#organization"},"potentialAction":[{"@type":"SearchAction","target":{"@type":"EntryPoint","urlTemplate":"https:\/\/weblockonline.com\/et\/?s={search_term_string}"},"query-input":{"@type":"PropertyValueSpecification","valueRequired":true,"valueName":"search_term_string"}}],"inLanguage":"et"},{"@type":"Organization","@id":"https:\/\/weblockonline.com\/et\/#organization","name":"WebLock","url":"https:\/\/weblockonline.com\/et\/","logo":{"@type":"ImageObject","inLanguage":"et","@id":"https:\/\/weblockonline.com\/et\/#\/schema\/logo\/image\/","url":"https:\/\/weblockonline.com\/wp-content\/uploads\/2021\/04\/Weblock-logo.png","contentUrl":"https:\/\/weblockonline.com\/wp-content\/uploads\/2021\/04\/Weblock-logo.png","width":1500,"height":327,"caption":"WebLock"},"image":{"@id":"https:\/\/weblockonline.com\/et\/#\/schema\/logo\/image\/"},"sameAs":["https:\/\/www.facebook.com\/ValnesEstonia","https:\/\/www.instagram.com\/valnes_locks\/","https:\/\/www.linkedin.com\/company\/valnesweblock\/"]}]}},"_links":{"self":[{"href":"https:\/\/weblockonline.com\/et\/wp-json\/wp\/v2\/pages\/24288","targetHints":{"allow":["GET"]}}],"collection":[{"href":"https:\/\/weblockonline.com\/et\/wp-json\/wp\/v2\/pages"}],"about":[{"href":"https:\/\/weblockonline.com\/et\/wp-json\/wp\/v2\/types\/page"}],"author":[{"embeddable":true,"href":"https:\/\/weblockonline.com\/et\/wp-json\/wp\/v2\/users\/2"}],"replies":[{"embeddable":true,"href":"https:\/\/weblockonline.com\/et\/wp-json\/wp\/v2\/comments?post=24288"}],"version-history":[{"count":70,"href":"https:\/\/weblockonline.com\/et\/wp-json\/wp\/v2\/pages\/24288\/revisions"}],"predecessor-version":[{"id":25288,"href":"https:\/\/weblockonline.com\/et\/wp-json\/wp\/v2\/pages\/24288\/revisions\/25288"}],"wp:attachment":[{"href":"https:\/\/weblockonline.com\/et\/wp-json\/wp\/v2\/media?parent=24288"}],"curies":[{"name":"wp","href":"https:\/\/api.w.org\/{rel}","templated":true}]}}